{"id":2957,"date":"2024-12-05T17:56:05","date_gmt":"2024-12-05T16:56:05","guid":{"rendered":"https:\/\/www.sylvieimmo.com\/?page_id=2957"},"modified":"2024-12-16T16:23:15","modified_gmt":"2024-12-16T15:23:15","slug":"contact-agent-immobilier-chamonix","status":"publish","type":"page","link":"https:\/\/www.sylvieimmo.com\/fr\/contact-agent-immobilier-chamonix\/","title":{"rendered":"Agent Immobilier Chamonix"},"content":{"rendered":"\t\t<div data-elementor-type=\"wp-page\" data-elementor-id=\"2957\" class=\"elementor elementor-2957\">\n\t\t\t\t\t\t<section class=\"elementor-section elementor-top-section elementor-element elementor-element-6d662776 elementor-section-content-middle elementor-section-boxed elementor-section-height-default elementor-section-height-default\" data-id=\"6d662776\" data-element_type=\"section\">\n\t\t\t\t\t\t<div class=\"elementor-container elementor-column-gap-default\">\n\t\t\t\t\t<div class=\"elementor-column elementor-col-50 elementor-top-column elementor-element elementor-element-44720c99\" data-id=\"44720c99\" data-element_type=\"column\">\n\t\t\t<div class=\"elementor-widget-wrap elementor-element-populated\">\n\t\t\t\t\t\t<div class=\"elementor-element elementor-element-3814ac39 elementor-widget__width-initial elementor-widget-mobile__width-initial elementor-widget elementor-widget-slashdown_heading\" data-id=\"3814ac39\" data-element_type=\"widget\" data-widget_type=\"slashdown_heading.default\">\n\t\t\t\t<div class=\"elementor-widget-container\">\n\t\t\t\t\t<div class=\"slashdown-heading left\">\n\t\t\t<span class=\"slashdown-heading__subtitle\">R\u00e9ponse rapide assur\u00e9e !<\/span><h2 class=\"slashdown-heading__title\">Envoyez moi un message<\/h2>\t\t<\/div>\n\t\t\t\t<\/div>\n\t\t\t\t<\/div>\n\t\t\t\t<div class=\"elementor-element elementor-element-9a8ee62 elementor-widget-mobile__width-initial elementor-widget elementor-widget-shortcode\" data-id=\"9a8ee62\" data-element_type=\"widget\" data-widget_type=\"shortcode.default\">\n\t\t\t\t<div class=\"elementor-widget-container\">\n\t\t\t\t\t<div class=\"elementor-shortcode\">\n<div class=\"wpcf7 no-js\" id=\"wpcf7-f313-o1\" lang=\"fr-FR\" dir=\"ltr\" data-wpcf7-id=\"313\">\n<div class=\"screen-reader-response\"><p role=\"status\" aria-live=\"polite\" aria-atomic=\"true\"><\/p> <ul><\/ul><\/div>\n<form action=\"\/fr\/wp-json\/wp\/v2\/pages\/2957#wpcf7-f313-o1\" method=\"post\" class=\"wpcf7-form init\" aria-label=\"Formulaire de contact\" novalidate=\"novalidate\" data-status=\"init\">\n<div style=\"display: none;\">\n<input type=\"hidden\" name=\"_wpcf7\" value=\"313\" \/>\n<input type=\"hidden\" name=\"_wpcf7_version\" value=\"6.0.1\" \/>\n<input type=\"hidden\" name=\"_wpcf7_locale\" value=\"fr_FR\" \/>\n<input type=\"hidden\" name=\"_wpcf7_unit_tag\" value=\"wpcf7-f313-o1\" \/>\n<input type=\"hidden\" name=\"_wpcf7_container_post\" value=\"0\" \/>\n<input type=\"hidden\" name=\"_wpcf7_posted_data_hash\" value=\"\" \/>\n<input type=\"hidden\" name=\"_wpcf7_recaptcha_response\" value=\"\" \/>\n<\/div>\n<p><span class=\"wpcf7-form-control-wrap\" data-name=\"your-name\"><input size=\"40\" maxlength=\"400\" class=\"wpcf7-form-control wpcf7-text wpcf7-validates-as-required\" autocomplete=\"name\" aria-required=\"true\" aria-invalid=\"false\" placeholder=\"Votre nom\/pr\u00e9nom\" value=\"\" type=\"text\" name=\"your-name\" \/><\/span>\n<\/p>\n<div class=\"row\">\n\t<div class=\"col-6\">\n\t\t<p><span class=\"wpcf7-form-control-wrap\" data-name=\"your-email\"><input size=\"40\" maxlength=\"400\" class=\"wpcf7-form-control wpcf7-email wpcf7-validates-as-required wpcf7-text wpcf7-validates-as-email\" autocomplete=\"email\" aria-required=\"true\" aria-invalid=\"false\" placeholder=\"Votre E-mail\" value=\"\" type=\"email\" name=\"your-email\" \/><\/span>\n\t\t<\/p>\n\t<\/div>\n\t<div class=\"col-6\">\n\t\t<p><span class=\"wpcf7-form-control-wrap\" data-name=\"phone-number\"><input size=\"40\" maxlength=\"400\" class=\"wpcf7-form-control wpcf7-tel wpcf7-validates-as-required wpcf7-text wpcf7-validates-as-tel\" aria-required=\"true\" aria-invalid=\"false\" placeholder=\"Votre t\u00e9l\" value=\"\" type=\"tel\" name=\"phone-number\" \/><\/span>\n\t\t<\/p>\n\t<\/div>\n<\/div>\n<p><span class=\"wpcf7-form-control-wrap\" data-name=\"your-message\"><textarea cols=\"40\" rows=\"10\" maxlength=\"2000\" class=\"wpcf7-form-control wpcf7-textarea\" aria-invalid=\"false\" placeholder=\"Message\" name=\"your-message\"><\/textarea><\/span><br \/>\n<input class=\"wpcf7-form-control wpcf7-submit has-spinner\" type=\"submit\" value=\"Envoyer\" \/>\n<\/p><div class=\"wpcf7-response-output\" aria-hidden=\"true\"><\/div>\n<\/form>\n<\/div>\n<\/div>\n\t\t\t\t<\/div>\n\t\t\t\t<\/div>\n\t\t\t\t\t<\/div>\n\t\t<\/div>\n\t\t\t\t<div class=\"elementor-column elementor-col-50 elementor-top-column elementor-element elementor-element-6b234e63\" data-id=\"6b234e63\" data-element_type=\"column\">\n\t\t\t<div class=\"elementor-widget-wrap elementor-element-populated\">\n\t\t\t\t\t\t<div class=\"elementor-element elementor-element-2bf8a5fe animated-slow elementor-invisible elementor-widget elementor-widget-image\" data-id=\"2bf8a5fe\" data-element_type=\"widget\" data-settings=\"{&quot;_animation&quot;:&quot;fadeIn&quot;}\" data-widget_type=\"image.default\">\n\t\t\t\t<div class=\"elementor-widget-container\">\n\t\t\t\t\t\t\t\t\t\t\t\t\t<img fetchpriority=\"high\" decoding=\"async\" width=\"597\" height=\"743\" src=\"https:\/\/www.sylvieimmo.com\/wp-content\/uploads\/2024\/12\/Sylvie4-visite-597x743.jpg\" class=\"attachment-large size-large wp-image-2888\" alt=\"\" srcset=\"https:\/\/www.sylvieimmo.com\/wp-content\/uploads\/2024\/12\/Sylvie4-visite-597x743.jpg 597w, https:\/\/www.sylvieimmo.com\/wp-content\/uploads\/2024\/12\/Sylvie4-visite-283x352.jpg 283w, https:\/\/www.sylvieimmo.com\/wp-content\/uploads\/2024\/12\/Sylvie4-visite-482x600.jpg 482w, https:\/\/www.sylvieimmo.com\/wp-content\/uploads\/2024\/12\/Sylvie4-visite-129x160.jpg 129w, https:\/\/www.sylvieimmo.com\/wp-content\/uploads\/2024\/12\/Sylvie4-visite.jpg 750w\" sizes=\"(max-width: 597px) 100vw, 597px\" \/>\t\t\t\t\t\t\t\t\t\t\t\t\t<\/div>\n\t\t\t\t<\/div>\n\t\t\t\t\t<\/div>\n\t\t<\/div>\n\t\t\t\t\t<\/div>\n\t\t<\/section>\n\t\t\t\t<section class=\"elementor-section elementor-top-section elementor-element elementor-element-6184b0f elementor-section-content-middle elementor-section-boxed elementor-section-height-default elementor-section-height-default\" data-id=\"6184b0f\" data-element_type=\"section\">\n\t\t\t\t\t\t<div class=\"elementor-container elementor-column-gap-default\">\n\t\t\t\t\t<div class=\"elementor-column elementor-col-50 elementor-top-column elementor-element elementor-element-67743a6\" data-id=\"67743a6\" data-element_type=\"column\">\n\t\t\t<div class=\"elementor-widget-wrap elementor-element-populated\">\n\t\t\t\t\t\t<div class=\"elementor-element elementor-element-3f7742b animated-slow elementor-invisible elementor-widget elementor-widget-image\" data-id=\"3f7742b\" data-element_type=\"widget\" data-settings=\"{&quot;_animation&quot;:&quot;fadeIn&quot;}\" data-widget_type=\"image.default\">\n\t\t\t\t<div class=\"elementor-widget-container\">\n\t\t\t\t\t\t\t\t\t\t\t\t\t<img decoding=\"async\" width=\"633\" height=\"743\" src=\"https:\/\/www.sylvieimmo.com\/wp-content\/uploads\/2024\/12\/sylvie-velo-accueil-633x743.jpg\" class=\"attachment-large size-large wp-image-2943\" alt=\"\" srcset=\"https:\/\/www.sylvieimmo.com\/wp-content\/uploads\/2024\/12\/sylvie-velo-accueil-633x743.jpg 633w, https:\/\/www.sylvieimmo.com\/wp-content\/uploads\/2024\/12\/sylvie-velo-accueil-300x352.jpg 300w, https:\/\/www.sylvieimmo.com\/wp-content\/uploads\/2024\/12\/sylvie-velo-accueil-768x902.jpg 768w, https:\/\/www.sylvieimmo.com\/wp-content\/uploads\/2024\/12\/sylvie-velo-accueil-511x600.jpg 511w, https:\/\/www.sylvieimmo.com\/wp-content\/uploads\/2024\/12\/sylvie-velo-accueil-136x160.jpg 136w, https:\/\/www.sylvieimmo.com\/wp-content\/uploads\/2024\/12\/sylvie-velo-accueil.jpg 893w\" sizes=\"(max-width: 633px) 100vw, 633px\" \/>\t\t\t\t\t\t\t\t\t\t\t\t\t<\/div>\n\t\t\t\t<\/div>\n\t\t\t\t\t<\/div>\n\t\t<\/div>\n\t\t\t\t<div class=\"elementor-column elementor-col-50 elementor-top-column elementor-element elementor-element-31a94b8\" data-id=\"31a94b8\" data-element_type=\"column\">\n\t\t\t<div class=\"elementor-widget-wrap elementor-element-populated\">\n\t\t\t\t\t\t<div class=\"elementor-element elementor-element-b1e0877 elementor-widget elementor-widget-slashdown_heading\" data-id=\"b1e0877\" data-element_type=\"widget\" data-widget_type=\"slashdown_heading.default\">\n\t\t\t\t<div class=\"elementor-widget-container\">\n\t\t\t\t\t<div class=\"slashdown-heading left\">\n\t\t\t<span class=\"slashdown-heading__subtitle\">Faites moi signe si vous me voyez !<\/span><h2 class=\"slashdown-heading__title\">Rencontrons nous  :<\/h2>\t\t<\/div>\n\t\t\t\t<\/div>\n\t\t\t\t<\/div>\n\t\t\t\t<div class=\"elementor-element elementor-element-8b17786 elementor-widget elementor-widget-text-editor\" data-id=\"8b17786\" data-element_type=\"widget\" data-widget_type=\"text-editor.default\">\n\t\t\t\t<div class=\"elementor-widget-container\">\n\t\t\t\t\t\t\t<p>Je vous accompagne dans l\u2019estimation et la vente de votre bien \u00e0 Chamonix, Argenti\u00e8re ,Les Houches, Servoz, Passy&#8230;.<\/p><p>Vous avez un projet\u00a0? Je suis \u00e0 vos c\u00f4t\u00e9s pour vous aider \u00e0 le concr\u00e9tiser. Mon r\u00f4le est de vous accompagner et vous assister dans votre d\u00e9marche pour mener \u00e0 bien rapidement votre projet de vente ou d&#8217;achat.<\/p>\t\t\t\t\t\t<\/div>\n\t\t\t\t<\/div>\n\t\t\t\t<section class=\"elementor-section elementor-inner-section elementor-element elementor-element-2fa9225 elementor-section-boxed elementor-section-height-default elementor-section-height-default\" data-id=\"2fa9225\" data-element_type=\"section\">\n\t\t\t\t\t\t<div class=\"elementor-container elementor-column-gap-default\">\n\t\t\t\t\t<div class=\"elementor-column elementor-col-50 elementor-inner-column elementor-element elementor-element-eaacb2d\" data-id=\"eaacb2d\" data-element_type=\"column\">\n\t\t\t<div class=\"elementor-widget-wrap elementor-element-populated\">\n\t\t\t\t\t\t<div class=\"elementor-element elementor-element-e133101 elementor-widget elementor-widget-text-editor\" data-id=\"e133101\" data-element_type=\"widget\" data-widget_type=\"text-editor.default\">\n\t\t\t\t<div class=\"elementor-widget-container\">\n\t\t\t\t\t\t\t<p>SECTEUR<\/p>\t\t\t\t\t\t<\/div>\n\t\t\t\t<\/div>\n\t\t\t\t<div class=\"elementor-element elementor-element-8f6e773 elementor-widget elementor-widget-text-editor\" data-id=\"8f6e773\" data-element_type=\"widget\" data-widget_type=\"text-editor.default\">\n\t\t\t\t<div class=\"elementor-widget-container\">\n\t\t\t\t\t\t\t<p>Vall\u00e9e de<br \/>CHAMONIX<br \/>MONT-BLANC<\/p>\t\t\t\t\t\t<\/div>\n\t\t\t\t<\/div>\n\t\t\t\t\t<\/div>\n\t\t<\/div>\n\t\t\t\t<div class=\"elementor-column elementor-col-50 elementor-inner-column elementor-element elementor-element-ca56f1b\" data-id=\"ca56f1b\" data-element_type=\"column\">\n\t\t\t<div class=\"elementor-widget-wrap elementor-element-populated\">\n\t\t\t\t\t\t<div class=\"elementor-element elementor-element-555d8c2 elementor-widget elementor-widget-text-editor\" data-id=\"555d8c2\" data-element_type=\"widget\" data-widget_type=\"text-editor.default\">\n\t\t\t\t<div class=\"elementor-widget-container\">\n\t\t\t\t\t\t\t<p>COORDONNEES<\/p>\t\t\t\t\t\t<\/div>\n\t\t\t\t<\/div>\n\t\t\t\t<div class=\"elementor-element elementor-element-30c7735 elementor-widget elementor-widget-text-editor\" data-id=\"30c7735\" data-element_type=\"widget\" data-widget_type=\"text-editor.default\">\n\t\t\t\t<div class=\"elementor-widget-container\">\n\t\t\t\t\t\t\t<p>T\u00e9l: 07 56 80 80 08<\/p><p>Email : contact@sylvieimmo.com<\/p>\t\t\t\t\t\t<\/div>\n\t\t\t\t<\/div>\n\t\t\t\t\t<\/div>\n\t\t<\/div>\n\t\t\t\t\t<\/div>\n\t\t<\/section>\n\t\t\t\t\t<\/div>\n\t\t<\/div>\n\t\t\t\t\t<\/div>\n\t\t<\/section>\n\t\t\t\t<\/div>\n\t\t","protected":false},"excerpt":{"rendered":"<p>R\u00e9ponse rapide assur\u00e9e ! Envoyez moi un message Faites moi signe si vous me voyez ! Rencontrons nous : Je vous accompagne dans l\u2019estimation et la vente de votre bien \u00e0 Chamonix, Argenti\u00e8re ,Les Houches, Servoz, Passy&#8230;. Vous avez un projet\u00a0? Je suis \u00e0 vos c\u00f4t\u00e9s pour vous aider \u00e0 le concr\u00e9tiser. Mon r\u00f4le est&#8230; <a href=\"https:\/\/www.sylvieimmo.com\/fr\/contact-agent-immobilier-chamonix\/\" class=\"more-link\">Continue reading<\/a><\/p>\n","protected":false},"author":1,"featured_media":2701,"parent":0,"menu_order":0,"comment_status":"closed","ping_status":"closed","template":"","meta":{"footnotes":""},"class_list":["post-2957","page","type-page","status-publish","has-post-thumbnail","hentry"],"yoast_head":"<!-- This site is optimized with the Yoast SEO plugin v24.0 - https:\/\/yoast.com\/wordpress\/plugins\/seo\/ -->\n<title>Sylvie, votre agent immobilier ind\u00e9pendant au pays du mont-Blanc<\/title>\n<meta name=\"description\" content=\"Agence immobili\u00e8re bas\u00e9e \u00e0 Chamonix. Estimation et vente de biens immobiliers neufs ou anciens. Profitez de mon expertise et exp\u00e9rience de la r\u00e9gion.\" \/>\n<meta name=\"robots\" content=\"index, follow, max-snippet:-1, max-image-preview:large, max-video-preview:-1\" \/>\n<link rel=\"canonical\" href=\"https:\/\/www.sylvieimmo.com\/fr\/contact-agent-immobilier-chamonix\/\" \/>\n<meta property=\"og:locale\" content=\"fr_FR\" \/>\n<meta property=\"og:type\" content=\"article\" \/>\n<meta property=\"og:title\" content=\"Sylvie, votre agent immobilier ind\u00e9pendant au pays du mont-Blanc\" \/>\n<meta property=\"og:description\" content=\"Agence immobili\u00e8re bas\u00e9e \u00e0 Chamonix. Estimation et vente de biens immobiliers neufs ou anciens. Profitez de mon expertise et exp\u00e9rience de la r\u00e9gion.\" \/>\n<meta property=\"og:url\" content=\"https:\/\/www.sylvieimmo.com\/fr\/contact-agent-immobilier-chamonix\/\" \/>\n<meta property=\"og:site_name\" content=\"Sylvie Squinabol Immobilier - Vall\u00e9e de Chamonix &amp; pays du Mont Blanc\" \/>\n<meta property=\"article:modified_time\" content=\"2024-12-16T15:23:15+00:00\" \/>\n<meta property=\"og:image\" content=\"https:\/\/www.sylvieimmo.com\/wp-content\/uploads\/2024\/11\/bg-accueil-sylvie-immo-montagnes-1.jpg\" \/>\n\t<meta property=\"og:image:width\" content=\"1920\" \/>\n\t<meta property=\"og:image:height\" content=\"1077\" \/>\n\t<meta property=\"og:image:type\" content=\"image\/jpeg\" \/>\n<meta name=\"twitter:card\" content=\"summary_large_image\" \/>\n<meta name=\"twitter:label1\" content=\"Dur\u00e9e de lecture estim\u00e9e\" \/>\n\t<meta name=\"twitter:data1\" content=\"2 minutes\" \/>\n<script type=\"application\/ld+json\" class=\"yoast-schema-graph\">{\"@context\":\"https:\/\/schema.org\",\"@graph\":[{\"@type\":\"WebPage\",\"@id\":\"https:\/\/www.sylvieimmo.com\/fr\/contact-agent-immobilier-chamonix\/\",\"url\":\"https:\/\/www.sylvieimmo.com\/fr\/contact-agent-immobilier-chamonix\/\",\"name\":\"Sylvie, votre agent immobilier ind\u00e9pendant au pays du mont-Blanc\",\"isPartOf\":{\"@id\":\"https:\/\/www.sylvieimmo.com\/fr\/#website\"},\"primaryImageOfPage\":{\"@id\":\"https:\/\/www.sylvieimmo.com\/fr\/contact-agent-immobilier-chamonix\/#primaryimage\"},\"image\":{\"@id\":\"https:\/\/www.sylvieimmo.com\/fr\/contact-agent-immobilier-chamonix\/#primaryimage\"},\"thumbnailUrl\":\"https:\/\/www.sylvieimmo.com\/wp-content\/uploads\/2024\/11\/bg-accueil-sylvie-immo-montagnes-1.jpg\",\"datePublished\":\"2024-12-05T16:56:05+00:00\",\"dateModified\":\"2024-12-16T15:23:15+00:00\",\"description\":\"Agence immobili\u00e8re bas\u00e9e \u00e0 Chamonix. Estimation et vente de biens immobiliers neufs ou anciens. Profitez de mon expertise et exp\u00e9rience de la r\u00e9gion.\",\"breadcrumb\":{\"@id\":\"https:\/\/www.sylvieimmo.com\/fr\/contact-agent-immobilier-chamonix\/#breadcrumb\"},\"inLanguage\":\"fr-FR\",\"potentialAction\":[{\"@type\":\"ReadAction\",\"target\":[\"https:\/\/www.sylvieimmo.com\/fr\/contact-agent-immobilier-chamonix\/\"]}]},{\"@type\":\"ImageObject\",\"inLanguage\":\"fr-FR\",\"@id\":\"https:\/\/www.sylvieimmo.com\/fr\/contact-agent-immobilier-chamonix\/#primaryimage\",\"url\":\"https:\/\/www.sylvieimmo.com\/wp-content\/uploads\/2024\/11\/bg-accueil-sylvie-immo-montagnes-1.jpg\",\"contentUrl\":\"https:\/\/www.sylvieimmo.com\/wp-content\/uploads\/2024\/11\/bg-accueil-sylvie-immo-montagnes-1.jpg\",\"width\":1920,\"height\":1077},{\"@type\":\"BreadcrumbList\",\"@id\":\"https:\/\/www.sylvieimmo.com\/fr\/contact-agent-immobilier-chamonix\/#breadcrumb\",\"itemListElement\":[{\"@type\":\"ListItem\",\"position\":1,\"name\":\"Accueil\",\"item\":\"https:\/\/www.sylvieimmo.com\/fr\/\"},{\"@type\":\"ListItem\",\"position\":2,\"name\":\"Agent Immobilier Chamonix\"}]},{\"@type\":\"WebSite\",\"@id\":\"https:\/\/www.sylvieimmo.com\/fr\/#website\",\"url\":\"https:\/\/www.sylvieimmo.com\/fr\/\",\"name\":\"Sylvie Squinabol Immobilier - Vall\u00e9e de Chamonix & pays du Mont Blanc\",\"description\":\"Votre agent ind\u00e9pendant au pays du Mont-Blanc\",\"publisher\":{\"@id\":\"https:\/\/www.sylvieimmo.com\/fr\/#organization\"},\"potentialAction\":[{\"@type\":\"SearchAction\",\"target\":{\"@type\":\"EntryPoint\",\"urlTemplate\":\"https:\/\/www.sylvieimmo.com\/fr\/?s={search_term_string}\"},\"query-input\":{\"@type\":\"PropertyValueSpecification\",\"valueRequired\":true,\"valueName\":\"search_term_string\"}}],\"inLanguage\":\"fr-FR\"},{\"@type\":\"Organization\",\"@id\":\"https:\/\/www.sylvieimmo.com\/fr\/#organization\",\"name\":\"Sylvie Squinabol Immobilier - Vall\u00e9e de Chamonix & pays du Mont Blanc\",\"url\":\"https:\/\/www.sylvieimmo.com\/fr\/\",\"logo\":{\"@type\":\"ImageObject\",\"inLanguage\":\"fr-FR\",\"@id\":\"https:\/\/www.sylvieimmo.com\/fr\/#\/schema\/logo\/image\/\",\"url\":\"https:\/\/www.sylvieimmo.com\/wp-content\/uploads\/2024\/11\/logo-sylvie-immo-margintop.svg\",\"contentUrl\":\"https:\/\/www.sylvieimmo.com\/wp-content\/uploads\/2024\/11\/logo-sylvie-immo-margintop.svg\",\"width\":1,\"height\":1,\"caption\":\"Sylvie Squinabol Immobilier - Vall\u00e9e de Chamonix & pays du Mont Blanc\"},\"image\":{\"@id\":\"https:\/\/www.sylvieimmo.com\/fr\/#\/schema\/logo\/image\/\"},\"sameAs\":[\"https:\/\/www.instagram.com\/sylvieimmo74400\/\"]}]}<\/script>\n<!-- \/ Yoast SEO plugin. -->","yoast_head_json":{"title":"Sylvie, votre agent immobilier ind\u00e9pendant au pays du mont-Blanc","description":"Agence immobili\u00e8re bas\u00e9e \u00e0 Chamonix. Estimation et vente de biens immobiliers neufs ou anciens. Profitez de mon expertise et exp\u00e9rience de la r\u00e9gion.","robots":{"index":"index","follow":"follow","max-snippet":"max-snippet:-1","max-image-preview":"max-image-preview:large","max-video-preview":"max-video-preview:-1"},"canonical":"https:\/\/www.sylvieimmo.com\/fr\/contact-agent-immobilier-chamonix\/","og_locale":"fr_FR","og_type":"article","og_title":"Sylvie, votre agent immobilier ind\u00e9pendant au pays du mont-Blanc","og_description":"Agence immobili\u00e8re bas\u00e9e \u00e0 Chamonix. Estimation et vente de biens immobiliers neufs ou anciens. Profitez de mon expertise et exp\u00e9rience de la r\u00e9gion.","og_url":"https:\/\/www.sylvieimmo.com\/fr\/contact-agent-immobilier-chamonix\/","og_site_name":"Sylvie Squinabol Immobilier - Vall\u00e9e de Chamonix &amp; pays du Mont Blanc","article_modified_time":"2024-12-16T15:23:15+00:00","og_image":[{"width":1920,"height":1077,"url":"https:\/\/www.sylvieimmo.com\/wp-content\/uploads\/2024\/11\/bg-accueil-sylvie-immo-montagnes-1.jpg","type":"image\/jpeg"}],"twitter_card":"summary_large_image","twitter_misc":{"Dur\u00e9e de lecture estim\u00e9e":"2 minutes"},"schema":{"@context":"https:\/\/schema.org","@graph":[{"@type":"WebPage","@id":"https:\/\/www.sylvieimmo.com\/fr\/contact-agent-immobilier-chamonix\/","url":"https:\/\/www.sylvieimmo.com\/fr\/contact-agent-immobilier-chamonix\/","name":"Sylvie, votre agent immobilier ind\u00e9pendant au pays du mont-Blanc","isPartOf":{"@id":"https:\/\/www.sylvieimmo.com\/fr\/#website"},"primaryImageOfPage":{"@id":"https:\/\/www.sylvieimmo.com\/fr\/contact-agent-immobilier-chamonix\/#primaryimage"},"image":{"@id":"https:\/\/www.sylvieimmo.com\/fr\/contact-agent-immobilier-chamonix\/#primaryimage"},"thumbnailUrl":"https:\/\/www.sylvieimmo.com\/wp-content\/uploads\/2024\/11\/bg-accueil-sylvie-immo-montagnes-1.jpg","datePublished":"2024-12-05T16:56:05+00:00","dateModified":"2024-12-16T15:23:15+00:00","description":"Agence immobili\u00e8re bas\u00e9e \u00e0 Chamonix. Estimation et vente de biens immobiliers neufs ou anciens. Profitez de mon expertise et exp\u00e9rience de la r\u00e9gion.","breadcrumb":{"@id":"https:\/\/www.sylvieimmo.com\/fr\/contact-agent-immobilier-chamonix\/#breadcrumb"},"inLanguage":"fr-FR","potentialAction":[{"@type":"ReadAction","target":["https:\/\/www.sylvieimmo.com\/fr\/contact-agent-immobilier-chamonix\/"]}]},{"@type":"ImageObject","inLanguage":"fr-FR","@id":"https:\/\/www.sylvieimmo.com\/fr\/contact-agent-immobilier-chamonix\/#primaryimage","url":"https:\/\/www.sylvieimmo.com\/wp-content\/uploads\/2024\/11\/bg-accueil-sylvie-immo-montagnes-1.jpg","contentUrl":"https:\/\/www.sylvieimmo.com\/wp-content\/uploads\/2024\/11\/bg-accueil-sylvie-immo-montagnes-1.jpg","width":1920,"height":1077},{"@type":"BreadcrumbList","@id":"https:\/\/www.sylvieimmo.com\/fr\/contact-agent-immobilier-chamonix\/#breadcrumb","itemListElement":[{"@type":"ListItem","position":1,"name":"Accueil","item":"https:\/\/www.sylvieimmo.com\/fr\/"},{"@type":"ListItem","position":2,"name":"Agent Immobilier Chamonix"}]},{"@type":"WebSite","@id":"https:\/\/www.sylvieimmo.com\/fr\/#website","url":"https:\/\/www.sylvieimmo.com\/fr\/","name":"Sylvie Squinabol Immobilier - Vall\u00e9e de Chamonix & pays du Mont Blanc","description":"Votre agent ind\u00e9pendant au pays du Mont-Blanc","publisher":{"@id":"https:\/\/www.sylvieimmo.com\/fr\/#organization"},"potentialAction":[{"@type":"SearchAction","target":{"@type":"EntryPoint","urlTemplate":"https:\/\/www.sylvieimmo.com\/fr\/?s={search_term_string}"},"query-input":{"@type":"PropertyValueSpecification","valueRequired":true,"valueName":"search_term_string"}}],"inLanguage":"fr-FR"},{"@type":"Organization","@id":"https:\/\/www.sylvieimmo.com\/fr\/#organization","name":"Sylvie Squinabol Immobilier - Vall\u00e9e de Chamonix & pays du Mont Blanc","url":"https:\/\/www.sylvieimmo.com\/fr\/","logo":{"@type":"ImageObject","inLanguage":"fr-FR","@id":"https:\/\/www.sylvieimmo.com\/fr\/#\/schema\/logo\/image\/","url":"https:\/\/www.sylvieimmo.com\/wp-content\/uploads\/2024\/11\/logo-sylvie-immo-margintop.svg","contentUrl":"https:\/\/www.sylvieimmo.com\/wp-content\/uploads\/2024\/11\/logo-sylvie-immo-margintop.svg","width":1,"height":1,"caption":"Sylvie Squinabol Immobilier - Vall\u00e9e de Chamonix & pays du Mont Blanc"},"image":{"@id":"https:\/\/www.sylvieimmo.com\/fr\/#\/schema\/logo\/image\/"},"sameAs":["https:\/\/www.instagram.com\/sylvieimmo74400\/"]}]}},"_links":{"self":[{"href":"https:\/\/www.sylvieimmo.com\/fr\/wp-json\/wp\/v2\/pages\/2957","targetHints":{"allow":["GET"]}}],"collection":[{"href":"https:\/\/www.sylvieimmo.com\/fr\/wp-json\/wp\/v2\/pages"}],"about":[{"href":"https:\/\/www.sylvieimmo.com\/fr\/wp-json\/wp\/v2\/types\/page"}],"author":[{"embeddable":true,"href":"https:\/\/www.sylvieimmo.com\/fr\/wp-json\/wp\/v2\/users\/1"}],"replies":[{"embeddable":true,"href":"https:\/\/www.sylvieimmo.com\/fr\/wp-json\/wp\/v2\/comments?post=2957"}],"version-history":[{"count":8,"href":"https:\/\/www.sylvieimmo.com\/fr\/wp-json\/wp\/v2\/pages\/2957\/revisions"}],"predecessor-version":[{"id":3000,"href":"https:\/\/www.sylvieimmo.com\/fr\/wp-json\/wp\/v2\/pages\/2957\/revisions\/3000"}],"wp:featuredmedia":[{"embeddable":true,"href":"https:\/\/www.sylvieimmo.com\/fr\/wp-json\/wp\/v2\/media\/2701"}],"wp:attachment":[{"href":"https:\/\/www.sylvieimmo.com\/fr\/wp-json\/wp\/v2\/media?parent=2957"}],"curies":[{"name":"wp","href":"https:\/\/api.w.org\/{rel}","templated":true}]}}