{"id":2992,"date":"2024-12-13T20:07:00","date_gmt":"2024-12-13T19:07:00","guid":{"rendered":"https:\/\/www.sylvieimmo.com\/?page_id=2992"},"modified":"2024-12-16T16:20:14","modified_gmt":"2024-12-16T15:20:14","slug":"actualites","status":"publish","type":"page","link":"https:\/\/www.sylvieimmo.com\/fr\/actualites\/","title":{"rendered":"Actualit\u00e9s"},"content":{"rendered":"\t\t<div data-elementor-type=\"wp-page\" data-elementor-id=\"2992\" class=\"elementor elementor-2992\">\n\t\t\t\t\t\t<section class=\"elementor-section elementor-top-section elementor-element elementor-element-6184b0f elementor-section-content-middle elementor-section-boxed elementor-section-height-default elementor-section-height-default\" data-id=\"6184b0f\" data-element_type=\"section\">\n\t\t\t\t\t\t<div class=\"elementor-container elementor-column-gap-default\">\n\t\t\t\t\t<div class=\"elementor-column elementor-col-100 elementor-top-column elementor-element elementor-element-31a94b8\" data-id=\"31a94b8\" data-element_type=\"column\">\n\t\t\t<div class=\"elementor-widget-wrap elementor-element-populated\">\n\t\t\t\t\t\t<div class=\"elementor-element elementor-element-b1e0877 elementor-widget elementor-widget-slashdown_heading\" data-id=\"b1e0877\" data-element_type=\"widget\" data-widget_type=\"slashdown_heading.default\">\n\t\t\t\t<div class=\"elementor-widget-container\">\n\t\t\t\t\t<div class=\"slashdown-heading left\">\n\t\t\t<span class=\"slashdown-heading__subtitle\">Suivez-moi sur les r\u00e9seaux<\/span><h2 class=\"slashdown-heading__title\">Restons en contact !<\/h2>\t\t<\/div>\n\t\t\t\t<\/div>\n\t\t\t\t<\/div>\n\t\t\t\t<div class=\"elementor-element elementor-element-8b17786 elementor-widget elementor-widget-text-editor\" data-id=\"8b17786\" data-element_type=\"widget\" data-widget_type=\"text-editor.default\">\n\t\t\t\t<div class=\"elementor-widget-container\">\n\t\t\t\t\t\t\t<p>\n<div id=\"sb_instagram\"  class=\"sbi sbi_mob_col_1 sbi_tab_col_2 sbi_col_4 sbi_width_resp\" style=\"padding-bottom: 10px;\" data-feedid=\"*1\"  data-res=\"auto\" data-cols=\"4\" data-colsmobile=\"1\" data-colstablet=\"2\" data-num=\"20\" data-nummobile=\"20\" data-item-padding=\"5\" data-shortcode-atts=\"{&quot;feed&quot;:&quot;1&quot;}\"  data-postid=\"2992\" data-locatornonce=\"0e08aad1be\" data-sbi-flags=\"favorLocal,gdpr\">\n\t<div class=\"sb_instagram_header  sbi_medium\"   >\n\t<a class=\"sbi_header_link\" target=\"_blank\" rel=\"nofollow noopener\" href=\"https:\/\/www.instagram.com\/sylvieimmo74400\/\" title=\"@sylvieimmo74400\">\n\t\t<div class=\"sbi_header_text\">\n\t\t\t<div class=\"sbi_header_img\"  data-avatar-url=\"https:\/\/scontent-bru2-1.cdninstagram.com\/v\/t51.2885-19\/469748814_573447672097182_5482576737539269705_n.jpg?stp=dst-jpg_s206x206_tt6&amp;_nc_cat=108&amp;ccb=7-5&amp;_nc_sid=bf7eb4&amp;efg=eyJ2ZW5jb2RlX3RhZyI6InByb2ZpbGVfcGljLnd3dy4xMDc5LkMzIn0%3D&amp;_nc_ohc=rJkK2I1I5dQQ7kNvwH4rDG8&amp;_nc_oc=AdqxagunSZyKH6EugEAbiL8QhKxuaO5TiMhJ3u3Wah_4ZdYBDA41vKj0sjjaC1kYCkI&amp;_nc_zt=24&amp;_nc_ht=scontent-bru2-1.cdninstagram.com&amp;edm=AP4hL3IEAAAA&amp;_nc_tpa=Q5bMBQFhO0JAGVZdkv9KxuWd71IaUEjQGrGRCwDio9PcsCUqUuwMwwpIhqThrY0GC_D_cX7astsAMWF7IQ&amp;oh=00_Af0cunFWGzwDNTlSEb2xjaYmdhufj4CZ42O5mD7eu5hL-A&amp;oe=69E632A1\">\n\t\t\t\t\t\t\t\t\t<div class=\"sbi_header_img_hover\"  ><svg class=\"sbi_new_logo fa-instagram fa-w-14\" aria-hidden=\"true\" data-fa-processed=\"\" aria-label=\"Instagram\" data-prefix=\"fab\" data-icon=\"instagram\" role=\"img\" viewBox=\"0 0 448 512\">\n\t                <path fill=\"currentColor\" d=\"M224.1 141c-63.6 0-114.9 51.3-114.9 114.9s51.3 114.9 114.9 114.9S339 319.5 339 255.9 287.7 141 224.1 141zm0 189.6c-41.1 0-74.7-33.5-74.7-74.7s33.5-74.7 74.7-74.7 74.7 33.5 74.7 74.7-33.6 74.7-74.7 74.7zm146.4-194.3c0 14.9-12 26.8-26.8 26.8-14.9 0-26.8-12-26.8-26.8s12-26.8 26.8-26.8 26.8 12 26.8 26.8zm76.1 27.2c-1.7-35.9-9.9-67.7-36.2-93.9-26.2-26.2-58-34.4-93.9-36.2-37-2.1-147.9-2.1-184.9 0-35.8 1.7-67.6 9.9-93.9 36.1s-34.4 58-36.2 93.9c-2.1 37-2.1 147.9 0 184.9 1.7 35.9 9.9 67.7 36.2 93.9s58 34.4 93.9 36.2c37 2.1 147.9 2.1 184.9 0 35.9-1.7 67.7-9.9 93.9-36.2 26.2-26.2 34.4-58 36.2-93.9 2.1-37 2.1-147.8 0-184.8zM398.8 388c-7.8 19.6-22.9 34.7-42.6 42.6-29.5 11.7-99.5 9-132.1 9s-102.7 2.6-132.1-9c-19.6-7.8-34.7-22.9-42.6-42.6-11.7-29.5-9-99.5-9-132.1s-2.6-102.7 9-132.1c7.8-19.6 22.9-34.7 42.6-42.6 29.5-11.7 99.5-9 132.1-9s102.7-2.6 132.1 9c19.6 7.8 34.7 22.9 42.6 42.6 11.7 29.5 9 99.5 9 132.1s2.7 102.7-9 132.1z\"><\/path>\n\t            <\/svg><\/div>\n\t\t\t\t\t<img decoding=\"async\"  src=\"https:\/\/www.sylvieimmo.com\/wp-content\/uploads\/sb-instagram-feed-images\/sylvieimmo74400.webp\" alt=\"Squinabol Sylvie\" width=\"50\" height=\"50\">\n\t\t\t\t\t\t\t\t\t\t\t<\/div>\n\n\t\t\t<div class=\"sbi_feedtheme_header_text\">\n\t\t\t\t<h3>sylvieimmo74400<\/h3>\n\t\t\t\t\t\t\t\t\t<p class=\"sbi_bio\">Vendre ou Acheter est un v\u00e9ritable projet de vie. Avec plus de 30ans d\u2019exp\u00e9rience, j\u2019ai acquis un service professionnel \u00e0 l\u2019\u00e9coute de vos attentes.<\/p>\n\t\t\t\t\t\t\t<\/div>\n\t\t<\/div>\n\t<\/a>\n<\/div>\n\n    <div id=\"sbi_images\"  style=\"gap: 10px;\">\n\t\t<div class=\"sbi_item sbi_type_carousel sbi_new sbi_transition\" id=\"sbi_18052792660838718\" data-date=\"1725971181\">\n    <div class=\"sbi_photo_wrap\">\n        <a class=\"sbi_photo\" href=\"https:\/\/www.instagram.com\/p\/C_vJAuEI7Cu\/\" target=\"_blank\" rel=\"noopener nofollow\" data-full-res=\"https:\/\/scontent-bru2-1.cdninstagram.com\/v\/t51.82787-15\/660129575_17945047167159918_5818896038419559186_n.jpg?stp=dst-jpg_e35_tt6&#038;_nc_cat=111&#038;ccb=7-5&#038;_nc_sid=18de74&#038;efg=eyJlZmdfdGFnIjoiQ0FST1VTRUxfSVRFTS5iZXN0X2ltYWdlX3VybGdlbi5DMyJ9&#038;_nc_ohc=bOTc9LRuEaoQ7kNvwF8OQ9D&#038;_nc_oc=AdqaB7Bxn4tXBZ2_lKpm7Zh5F5OuvPrG2Dg5ZKJNXjdYyV5HN1IFDGCi-A09OWbpQ0o&#038;_nc_zt=23&#038;_nc_ht=scontent-bru2-1.cdninstagram.com&#038;edm=ANo9K5cEAAAA&#038;_nc_gid=5l36lVhgfq0OnwygjPxluQ&#038;_nc_tpa=Q5bMBQHIWeNRUkzj5njaS2_8cLMgsTdRJTXuJXZeWXWgEPsWdHkt_ALGy_MQwhQlz3uWhuohKjppk7KVOQ&#038;oh=00_Af2DRdS6nnty2fWPVvgTNBm8FB7-j9Xrs9u1QJUaUjhg0A&#038;oe=69E64843\" data-img-src-set=\"{&quot;d&quot;:&quot;https:\\\/\\\/scontent-bru2-1.cdninstagram.com\\\/v\\\/t51.82787-15\\\/660129575_17945047167159918_5818896038419559186_n.jpg?stp=dst-jpg_e35_tt6&amp;_nc_cat=111&amp;ccb=7-5&amp;_nc_sid=18de74&amp;efg=eyJlZmdfdGFnIjoiQ0FST1VTRUxfSVRFTS5iZXN0X2ltYWdlX3VybGdlbi5DMyJ9&amp;_nc_ohc=bOTc9LRuEaoQ7kNvwF8OQ9D&amp;_nc_oc=AdqaB7Bxn4tXBZ2_lKpm7Zh5F5OuvPrG2Dg5ZKJNXjdYyV5HN1IFDGCi-A09OWbpQ0o&amp;_nc_zt=23&amp;_nc_ht=scontent-bru2-1.cdninstagram.com&amp;edm=ANo9K5cEAAAA&amp;_nc_gid=5l36lVhgfq0OnwygjPxluQ&amp;_nc_tpa=Q5bMBQHIWeNRUkzj5njaS2_8cLMgsTdRJTXuJXZeWXWgEPsWdHkt_ALGy_MQwhQlz3uWhuohKjppk7KVOQ&amp;oh=00_Af2DRdS6nnty2fWPVvgTNBm8FB7-j9Xrs9u1QJUaUjhg0A&amp;oe=69E64843&quot;,&quot;150&quot;:&quot;https:\\\/\\\/scontent-bru2-1.cdninstagram.com\\\/v\\\/t51.82787-15\\\/660129575_17945047167159918_5818896038419559186_n.jpg?stp=dst-jpg_e35_tt6&amp;_nc_cat=111&amp;ccb=7-5&amp;_nc_sid=18de74&amp;efg=eyJlZmdfdGFnIjoiQ0FST1VTRUxfSVRFTS5iZXN0X2ltYWdlX3VybGdlbi5DMyJ9&amp;_nc_ohc=bOTc9LRuEaoQ7kNvwF8OQ9D&amp;_nc_oc=AdqaB7Bxn4tXBZ2_lKpm7Zh5F5OuvPrG2Dg5ZKJNXjdYyV5HN1IFDGCi-A09OWbpQ0o&amp;_nc_zt=23&amp;_nc_ht=scontent-bru2-1.cdninstagram.com&amp;edm=ANo9K5cEAAAA&amp;_nc_gid=5l36lVhgfq0OnwygjPxluQ&amp;_nc_tpa=Q5bMBQHIWeNRUkzj5njaS2_8cLMgsTdRJTXuJXZeWXWgEPsWdHkt_ALGy_MQwhQlz3uWhuohKjppk7KVOQ&amp;oh=00_Af2DRdS6nnty2fWPVvgTNBm8FB7-j9Xrs9u1QJUaUjhg0A&amp;oe=69E64843&quot;,&quot;320&quot;:&quot;https:\\\/\\\/scontent-bru2-1.cdninstagram.com\\\/v\\\/t51.82787-15\\\/660129575_17945047167159918_5818896038419559186_n.jpg?stp=dst-jpg_e35_tt6&amp;_nc_cat=111&amp;ccb=7-5&amp;_nc_sid=18de74&amp;efg=eyJlZmdfdGFnIjoiQ0FST1VTRUxfSVRFTS5iZXN0X2ltYWdlX3VybGdlbi5DMyJ9&amp;_nc_ohc=bOTc9LRuEaoQ7kNvwF8OQ9D&amp;_nc_oc=AdqaB7Bxn4tXBZ2_lKpm7Zh5F5OuvPrG2Dg5ZKJNXjdYyV5HN1IFDGCi-A09OWbpQ0o&amp;_nc_zt=23&amp;_nc_ht=scontent-bru2-1.cdninstagram.com&amp;edm=ANo9K5cEAAAA&amp;_nc_gid=5l36lVhgfq0OnwygjPxluQ&amp;_nc_tpa=Q5bMBQHIWeNRUkzj5njaS2_8cLMgsTdRJTXuJXZeWXWgEPsWdHkt_ALGy_MQwhQlz3uWhuohKjppk7KVOQ&amp;oh=00_Af2DRdS6nnty2fWPVvgTNBm8FB7-j9Xrs9u1QJUaUjhg0A&amp;oe=69E64843&quot;,&quot;640&quot;:&quot;https:\\\/\\\/scontent-bru2-1.cdninstagram.com\\\/v\\\/t51.82787-15\\\/660129575_17945047167159918_5818896038419559186_n.jpg?stp=dst-jpg_e35_tt6&amp;_nc_cat=111&amp;ccb=7-5&amp;_nc_sid=18de74&amp;efg=eyJlZmdfdGFnIjoiQ0FST1VTRUxfSVRFTS5iZXN0X2ltYWdlX3VybGdlbi5DMyJ9&amp;_nc_ohc=bOTc9LRuEaoQ7kNvwF8OQ9D&amp;_nc_oc=AdqaB7Bxn4tXBZ2_lKpm7Zh5F5OuvPrG2Dg5ZKJNXjdYyV5HN1IFDGCi-A09OWbpQ0o&amp;_nc_zt=23&amp;_nc_ht=scontent-bru2-1.cdninstagram.com&amp;edm=ANo9K5cEAAAA&amp;_nc_gid=5l36lVhgfq0OnwygjPxluQ&amp;_nc_tpa=Q5bMBQHIWeNRUkzj5njaS2_8cLMgsTdRJTXuJXZeWXWgEPsWdHkt_ALGy_MQwhQlz3uWhuohKjppk7KVOQ&amp;oh=00_Af2DRdS6nnty2fWPVvgTNBm8FB7-j9Xrs9u1QJUaUjhg0A&amp;oe=69E64843&quot;}\">\n            <span class=\"sbi-screenreader\">Bel F3 Centre de chamonix, deux expositions avec j<\/span>\n            <svg class=\"svg-inline--fa fa-clone fa-w-16 sbi_lightbox_carousel_icon\" aria-hidden=\"true\" aria-label=\"Clone\" data-fa-pro\u0192cessed=\"\" data-prefix=\"far\" data-icon=\"clone\" role=\"img\" xmlns=\"http:\/\/www.w3.org\/2000\/svg\" viewBox=\"0 0 512 512\">\n\t                <path fill=\"currentColor\" d=\"M464 0H144c-26.51 0-48 21.49-48 48v48H48c-26.51 0-48 21.49-48 48v320c0 26.51 21.49 48 48 48h320c26.51 0 48-21.49 48-48v-48h48c26.51 0 48-21.49 48-48V48c0-26.51-21.49-48-48-48zM362 464H54a6 6 0 0 1-6-6V150a6 6 0 0 1 6-6h42v224c0 26.51 21.49 48 48 48h224v42a6 6 0 0 1-6 6zm96-96H150a6 6 0 0 1-6-6V54a6 6 0 0 1 6-6h308a6 6 0 0 1 6 6v308a6 6 0 0 1-6 6z\"><\/path>\n\t            <\/svg>\t                    <img decoding=\"async\" src=\"https:\/\/www.sylvieimmo.com\/wp-content\/plugins\/instagram-feed\/img\/placeholder.png\" alt=\"Bel F3 Centre de chamonix, deux expositions avec jouissance parking ext\u00e9rieur.\n\nContactez moi pour plus d\u2019infos.\">\n        <\/a>\n    <\/div>\n<\/div><div class=\"sbi_item sbi_type_image sbi_new sbi_transition\" id=\"sbi_18031644449184637\" data-date=\"1725970166\">\n    <div class=\"sbi_photo_wrap\">\n        <a class=\"sbi_photo\" href=\"https:\/\/www.instagram.com\/p\/C_vHE3-oIXr\/\" target=\"_blank\" rel=\"noopener nofollow\" data-full-res=\"https:\/\/scontent-bru2-1.cdninstagram.com\/v\/t51.82787-15\/625015768_18082181114184637_5625848910767053987_n.jpg?stp=dst-jpg_e35_tt6&#038;_nc_cat=107&#038;ccb=7-5&#038;_nc_sid=18de74&#038;efg=eyJlZmdfdGFnIjoiRkVFRC5iZXN0X2ltYWdlX3VybGdlbi5DMyJ9&#038;_nc_ohc=VvM_v0cWkSgQ7kNvwFUQUqF&#038;_nc_oc=AdpG1VUWCriusG1VMkhDn5846qekdbPiWZzqm6iMqVlFowM9VunRtTrRB9jhmuatcBg&#038;_nc_zt=23&#038;_nc_ht=scontent-bru2-1.cdninstagram.com&#038;edm=ANo9K5cEAAAA&#038;_nc_gid=5l36lVhgfq0OnwygjPxluQ&#038;_nc_tpa=Q5bMBQEaCR4MnSehKaCIGeONuTHQH76msyQ8_32139_OPlKSxAbdm6cF3vMbm3aCHJpvQ1WJsVnhixkyeA&#038;oh=00_Af2dw2uH0nXLFQuo9jPKf8EpJgXnOo3ipaxmZkme7rJGRQ&#038;oe=69E62278\" data-img-src-set=\"{&quot;d&quot;:&quot;https:\\\/\\\/scontent-bru2-1.cdninstagram.com\\\/v\\\/t51.82787-15\\\/625015768_18082181114184637_5625848910767053987_n.jpg?stp=dst-jpg_e35_tt6&amp;_nc_cat=107&amp;ccb=7-5&amp;_nc_sid=18de74&amp;efg=eyJlZmdfdGFnIjoiRkVFRC5iZXN0X2ltYWdlX3VybGdlbi5DMyJ9&amp;_nc_ohc=VvM_v0cWkSgQ7kNvwFUQUqF&amp;_nc_oc=AdpG1VUWCriusG1VMkhDn5846qekdbPiWZzqm6iMqVlFowM9VunRtTrRB9jhmuatcBg&amp;_nc_zt=23&amp;_nc_ht=scontent-bru2-1.cdninstagram.com&amp;edm=ANo9K5cEAAAA&amp;_nc_gid=5l36lVhgfq0OnwygjPxluQ&amp;_nc_tpa=Q5bMBQEaCR4MnSehKaCIGeONuTHQH76msyQ8_32139_OPlKSxAbdm6cF3vMbm3aCHJpvQ1WJsVnhixkyeA&amp;oh=00_Af2dw2uH0nXLFQuo9jPKf8EpJgXnOo3ipaxmZkme7rJGRQ&amp;oe=69E62278&quot;,&quot;150&quot;:&quot;https:\\\/\\\/scontent-bru2-1.cdninstagram.com\\\/v\\\/t51.82787-15\\\/625015768_18082181114184637_5625848910767053987_n.jpg?stp=dst-jpg_e35_tt6&amp;_nc_cat=107&amp;ccb=7-5&amp;_nc_sid=18de74&amp;efg=eyJlZmdfdGFnIjoiRkVFRC5iZXN0X2ltYWdlX3VybGdlbi5DMyJ9&amp;_nc_ohc=VvM_v0cWkSgQ7kNvwFUQUqF&amp;_nc_oc=AdpG1VUWCriusG1VMkhDn5846qekdbPiWZzqm6iMqVlFowM9VunRtTrRB9jhmuatcBg&amp;_nc_zt=23&amp;_nc_ht=scontent-bru2-1.cdninstagram.com&amp;edm=ANo9K5cEAAAA&amp;_nc_gid=5l36lVhgfq0OnwygjPxluQ&amp;_nc_tpa=Q5bMBQEaCR4MnSehKaCIGeONuTHQH76msyQ8_32139_OPlKSxAbdm6cF3vMbm3aCHJpvQ1WJsVnhixkyeA&amp;oh=00_Af2dw2uH0nXLFQuo9jPKf8EpJgXnOo3ipaxmZkme7rJGRQ&amp;oe=69E62278&quot;,&quot;320&quot;:&quot;https:\\\/\\\/scontent-bru2-1.cdninstagram.com\\\/v\\\/t51.82787-15\\\/625015768_18082181114184637_5625848910767053987_n.jpg?stp=dst-jpg_e35_tt6&amp;_nc_cat=107&amp;ccb=7-5&amp;_nc_sid=18de74&amp;efg=eyJlZmdfdGFnIjoiRkVFRC5iZXN0X2ltYWdlX3VybGdlbi5DMyJ9&amp;_nc_ohc=VvM_v0cWkSgQ7kNvwFUQUqF&amp;_nc_oc=AdpG1VUWCriusG1VMkhDn5846qekdbPiWZzqm6iMqVlFowM9VunRtTrRB9jhmuatcBg&amp;_nc_zt=23&amp;_nc_ht=scontent-bru2-1.cdninstagram.com&amp;edm=ANo9K5cEAAAA&amp;_nc_gid=5l36lVhgfq0OnwygjPxluQ&amp;_nc_tpa=Q5bMBQEaCR4MnSehKaCIGeONuTHQH76msyQ8_32139_OPlKSxAbdm6cF3vMbm3aCHJpvQ1WJsVnhixkyeA&amp;oh=00_Af2dw2uH0nXLFQuo9jPKf8EpJgXnOo3ipaxmZkme7rJGRQ&amp;oe=69E62278&quot;,&quot;640&quot;:&quot;https:\\\/\\\/scontent-bru2-1.cdninstagram.com\\\/v\\\/t51.82787-15\\\/625015768_18082181114184637_5625848910767053987_n.jpg?stp=dst-jpg_e35_tt6&amp;_nc_cat=107&amp;ccb=7-5&amp;_nc_sid=18de74&amp;efg=eyJlZmdfdGFnIjoiRkVFRC5iZXN0X2ltYWdlX3VybGdlbi5DMyJ9&amp;_nc_ohc=VvM_v0cWkSgQ7kNvwFUQUqF&amp;_nc_oc=AdpG1VUWCriusG1VMkhDn5846qekdbPiWZzqm6iMqVlFowM9VunRtTrRB9jhmuatcBg&amp;_nc_zt=23&amp;_nc_ht=scontent-bru2-1.cdninstagram.com&amp;edm=ANo9K5cEAAAA&amp;_nc_gid=5l36lVhgfq0OnwygjPxluQ&amp;_nc_tpa=Q5bMBQEaCR4MnSehKaCIGeONuTHQH76msyQ8_32139_OPlKSxAbdm6cF3vMbm3aCHJpvQ1WJsVnhixkyeA&amp;oh=00_Af2dw2uH0nXLFQuo9jPKf8EpJgXnOo3ipaxmZkme7rJGRQ&amp;oe=69E62278&quot;}\">\n            <span class=\"sbi-screenreader\">Sylvie Squinabol, Agent immobilier depuis plus de <\/span>\n            \t                    <img decoding=\"async\" src=\"https:\/\/www.sylvieimmo.com\/wp-content\/plugins\/instagram-feed\/img\/placeholder.png\" alt=\"Sylvie Squinabol, Agent immobilier depuis plus de 30ans, avec un service professionnel. \nJ\u2019ai fais le choix d\u2019aujourd\u2019hui d\u2019ouvrir mon entreprise et je saurai vous accompagner, vous conseiller en toute discr\u00e9tion. \u00c0 l\u2019\u00e9coute nous d\u00e9finirons ensemble votre projet de vie. \n\nMerci pour votre confiance et \u00e0 bient\u00f4t chez SylvieImmo\">\n        <\/a>\n    <\/div>\n<\/div>    <\/div>\n\n\t<div id=\"sbi_load\" >\n\n\t\n\t\t\t<span class=\"sbi_follow_btn sbi_custom\">\n        <a href=\"https:\/\/www.instagram.com\/sylvieimmo74400\/\" style=\"background: rgb(64,139,209);\" target=\"_blank\" rel=\"nofollow noopener\">\n            <svg class=\"svg-inline--fa fa-instagram fa-w-14\" aria-hidden=\"true\" data-fa-processed=\"\" aria-label=\"Instagram\" data-prefix=\"fab\" data-icon=\"instagram\" role=\"img\" viewBox=\"0 0 448 512\">\n\t                <path fill=\"currentColor\" d=\"M224.1 141c-63.6 0-114.9 51.3-114.9 114.9s51.3 114.9 114.9 114.9S339 319.5 339 255.9 287.7 141 224.1 141zm0 189.6c-41.1 0-74.7-33.5-74.7-74.7s33.5-74.7 74.7-74.7 74.7 33.5 74.7 74.7-33.6 74.7-74.7 74.7zm146.4-194.3c0 14.9-12 26.8-26.8 26.8-14.9 0-26.8-12-26.8-26.8s12-26.8 26.8-26.8 26.8 12 26.8 26.8zm76.1 27.2c-1.7-35.9-9.9-67.7-36.2-93.9-26.2-26.2-58-34.4-93.9-36.2-37-2.1-147.9-2.1-184.9 0-35.8 1.7-67.6 9.9-93.9 36.1s-34.4 58-36.2 93.9c-2.1 37-2.1 147.9 0 184.9 1.7 35.9 9.9 67.7 36.2 93.9s58 34.4 93.9 36.2c37 2.1 147.9 2.1 184.9 0 35.9-1.7 67.7-9.9 93.9-36.2 26.2-26.2 34.4-58 36.2-93.9 2.1-37 2.1-147.8 0-184.8zM398.8 388c-7.8 19.6-22.9 34.7-42.6 42.6-29.5 11.7-99.5 9-132.1 9s-102.7 2.6-132.1-9c-19.6-7.8-34.7-22.9-42.6-42.6-11.7-29.5-9-99.5-9-132.1s-2.6-102.7 9-132.1c7.8-19.6 22.9-34.7 42.6-42.6 29.5-11.7 99.5-9 132.1-9s102.7-2.6 132.1 9c19.6 7.8 34.7 22.9 42.6 42.6 11.7 29.5 9 99.5 9 132.1s2.7 102.7-9 132.1z\"><\/path>\n\t            <\/svg>            <span>Suivre sur Instagram<\/span>\n        <\/a>\n    <\/span>\n\t\n<\/div>\n\n\t    <span class=\"sbi_resized_image_data\" data-feed-id=\"*1\" data-resized=\"{&quot;18052792660838718&quot;:{&quot;id&quot;:&quot;459173597_1248866676552017_1630181226283454492_n&quot;,&quot;ratio&quot;:&quot;1.33&quot;,&quot;sizes&quot;:{&quot;full&quot;:640,&quot;low&quot;:320,&quot;thumb&quot;:150},&quot;extension&quot;:&quot;.webp&quot;},&quot;18031644449184637&quot;:{&quot;id&quot;:&quot;458784922_1066253901730405_5826387509886345902_n&quot;,&quot;ratio&quot;:&quot;0.80&quot;,&quot;sizes&quot;:{&quot;full&quot;:640,&quot;low&quot;:320,&quot;thumb&quot;:150},&quot;extension&quot;:&quot;.webp&quot;}}\">\n\t<\/span>\n\t<\/div>\n\n<\/p>\t\t\t\t\t\t<\/div>\n\t\t\t\t<\/div>\n\t\t\t\t\t<\/div>\n\t\t<\/div>\n\t\t\t\t\t<\/div>\n\t\t<\/section>\n\t\t\t\t<\/div>\n\t\t","protected":false},"excerpt":{"rendered":"<p>Suivez-moi sur les r\u00e9seaux Restons en contact !<\/p>\n","protected":false},"author":1,"featured_media":2701,"parent":0,"menu_order":0,"comment_status":"closed","ping_status":"closed","template":"","meta":{"footnotes":""},"class_list":["post-2992","page","type-page","status-publish","has-post-thumbnail","hentry"],"yoast_head":"<!-- This site is optimized with the Yoast SEO plugin v24.0 - https:\/\/yoast.com\/wordpress\/plugins\/seo\/ -->\n<title>Sylvie Immo \u2013 actualit\u00e9s immobili\u00e8res au pays du Mont-Blanc<\/title>\n<meta name=\"description\" content=\"Actualit\u00e9 du march\u00e9 immobilier \u00e0 Chamonix, les Houches, Servoz et Passy. Suivez les derni\u00e8res nouvelles au pays du Mont-Blanc pour vos transations.\" \/>\n<meta name=\"robots\" content=\"index, follow, max-snippet:-1, max-image-preview:large, max-video-preview:-1\" \/>\n<link rel=\"canonical\" href=\"https:\/\/www.sylvieimmo.com\/fr\/actualites\/\" \/>\n<meta property=\"og:locale\" content=\"fr_FR\" \/>\n<meta property=\"og:type\" content=\"article\" \/>\n<meta property=\"og:title\" content=\"Sylvie Immo \u2013 actualit\u00e9s immobili\u00e8res au pays du Mont-Blanc\" \/>\n<meta property=\"og:description\" content=\"Actualit\u00e9 du march\u00e9 immobilier \u00e0 Chamonix, les Houches, Servoz et Passy. Suivez les derni\u00e8res nouvelles au pays du Mont-Blanc pour vos transations.\" \/>\n<meta property=\"og:url\" content=\"https:\/\/www.sylvieimmo.com\/fr\/actualites\/\" \/>\n<meta property=\"og:site_name\" content=\"Sylvie Squinabol Immobilier - Vall\u00e9e de Chamonix &amp; pays du Mont Blanc\" \/>\n<meta property=\"article:modified_time\" content=\"2024-12-16T15:20:14+00:00\" \/>\n<meta property=\"og:image\" content=\"https:\/\/www.sylvieimmo.com\/wp-content\/uploads\/2024\/11\/bg-accueil-sylvie-immo-montagnes-1.jpg\" \/>\n\t<meta property=\"og:image:width\" content=\"1920\" \/>\n\t<meta property=\"og:image:height\" content=\"1077\" \/>\n\t<meta property=\"og:image:type\" content=\"image\/jpeg\" \/>\n<meta name=\"twitter:card\" content=\"summary_large_image\" \/>\n<meta name=\"twitter:label1\" content=\"Dur\u00e9e de lecture estim\u00e9e\" \/>\n\t<meta name=\"twitter:data1\" content=\"1 minute\" \/>\n<script type=\"application\/ld+json\" class=\"yoast-schema-graph\">{\"@context\":\"https:\/\/schema.org\",\"@graph\":[{\"@type\":\"WebPage\",\"@id\":\"https:\/\/www.sylvieimmo.com\/fr\/actualites\/\",\"url\":\"https:\/\/www.sylvieimmo.com\/fr\/actualites\/\",\"name\":\"Sylvie Immo \u2013 actualit\u00e9s immobili\u00e8res au pays du Mont-Blanc\",\"isPartOf\":{\"@id\":\"https:\/\/www.sylvieimmo.com\/fr\/#website\"},\"primaryImageOfPage\":{\"@id\":\"https:\/\/www.sylvieimmo.com\/fr\/actualites\/#primaryimage\"},\"image\":{\"@id\":\"https:\/\/www.sylvieimmo.com\/fr\/actualites\/#primaryimage\"},\"thumbnailUrl\":\"https:\/\/www.sylvieimmo.com\/wp-content\/uploads\/2024\/11\/bg-accueil-sylvie-immo-montagnes-1.jpg\",\"datePublished\":\"2024-12-13T19:07:00+00:00\",\"dateModified\":\"2024-12-16T15:20:14+00:00\",\"description\":\"Actualit\u00e9 du march\u00e9 immobilier \u00e0 Chamonix, les Houches, Servoz et Passy. Suivez les derni\u00e8res nouvelles au pays du Mont-Blanc pour vos transations.\",\"breadcrumb\":{\"@id\":\"https:\/\/www.sylvieimmo.com\/fr\/actualites\/#breadcrumb\"},\"inLanguage\":\"fr-FR\",\"potentialAction\":[{\"@type\":\"ReadAction\",\"target\":[\"https:\/\/www.sylvieimmo.com\/fr\/actualites\/\"]}]},{\"@type\":\"ImageObject\",\"inLanguage\":\"fr-FR\",\"@id\":\"https:\/\/www.sylvieimmo.com\/fr\/actualites\/#primaryimage\",\"url\":\"https:\/\/www.sylvieimmo.com\/wp-content\/uploads\/2024\/11\/bg-accueil-sylvie-immo-montagnes-1.jpg\",\"contentUrl\":\"https:\/\/www.sylvieimmo.com\/wp-content\/uploads\/2024\/11\/bg-accueil-sylvie-immo-montagnes-1.jpg\",\"width\":1920,\"height\":1077},{\"@type\":\"BreadcrumbList\",\"@id\":\"https:\/\/www.sylvieimmo.com\/fr\/actualites\/#breadcrumb\",\"itemListElement\":[{\"@type\":\"ListItem\",\"position\":1,\"name\":\"Accueil\",\"item\":\"https:\/\/www.sylvieimmo.com\/fr\/\"},{\"@type\":\"ListItem\",\"position\":2,\"name\":\"Actualit\u00e9s\"}]},{\"@type\":\"WebSite\",\"@id\":\"https:\/\/www.sylvieimmo.com\/fr\/#website\",\"url\":\"https:\/\/www.sylvieimmo.com\/fr\/\",\"name\":\"Sylvie Squinabol Immobilier - Vall\u00e9e de Chamonix & pays du Mont Blanc\",\"description\":\"Votre agent ind\u00e9pendant au pays du Mont-Blanc\",\"publisher\":{\"@id\":\"https:\/\/www.sylvieimmo.com\/fr\/#organization\"},\"potentialAction\":[{\"@type\":\"SearchAction\",\"target\":{\"@type\":\"EntryPoint\",\"urlTemplate\":\"https:\/\/www.sylvieimmo.com\/fr\/?s={search_term_string}\"},\"query-input\":{\"@type\":\"PropertyValueSpecification\",\"valueRequired\":true,\"valueName\":\"search_term_string\"}}],\"inLanguage\":\"fr-FR\"},{\"@type\":\"Organization\",\"@id\":\"https:\/\/www.sylvieimmo.com\/fr\/#organization\",\"name\":\"Sylvie Squinabol Immobilier - Vall\u00e9e de Chamonix & pays du Mont Blanc\",\"url\":\"https:\/\/www.sylvieimmo.com\/fr\/\",\"logo\":{\"@type\":\"ImageObject\",\"inLanguage\":\"fr-FR\",\"@id\":\"https:\/\/www.sylvieimmo.com\/fr\/#\/schema\/logo\/image\/\",\"url\":\"https:\/\/www.sylvieimmo.com\/wp-content\/uploads\/2024\/11\/logo-sylvie-immo-margintop.svg\",\"contentUrl\":\"https:\/\/www.sylvieimmo.com\/wp-content\/uploads\/2024\/11\/logo-sylvie-immo-margintop.svg\",\"width\":1,\"height\":1,\"caption\":\"Sylvie Squinabol Immobilier - Vall\u00e9e de Chamonix & pays du Mont Blanc\"},\"image\":{\"@id\":\"https:\/\/www.sylvieimmo.com\/fr\/#\/schema\/logo\/image\/\"},\"sameAs\":[\"https:\/\/www.instagram.com\/sylvieimmo74400\/\"]}]}<\/script>\n<!-- \/ Yoast SEO plugin. -->","yoast_head_json":{"title":"Sylvie Immo \u2013 actualit\u00e9s immobili\u00e8res au pays du Mont-Blanc","description":"Actualit\u00e9 du march\u00e9 immobilier \u00e0 Chamonix, les Houches, Servoz et Passy. Suivez les derni\u00e8res nouvelles au pays du Mont-Blanc pour vos transations.","robots":{"index":"index","follow":"follow","max-snippet":"max-snippet:-1","max-image-preview":"max-image-preview:large","max-video-preview":"max-video-preview:-1"},"canonical":"https:\/\/www.sylvieimmo.com\/fr\/actualites\/","og_locale":"fr_FR","og_type":"article","og_title":"Sylvie Immo \u2013 actualit\u00e9s immobili\u00e8res au pays du Mont-Blanc","og_description":"Actualit\u00e9 du march\u00e9 immobilier \u00e0 Chamonix, les Houches, Servoz et Passy. Suivez les derni\u00e8res nouvelles au pays du Mont-Blanc pour vos transations.","og_url":"https:\/\/www.sylvieimmo.com\/fr\/actualites\/","og_site_name":"Sylvie Squinabol Immobilier - Vall\u00e9e de Chamonix &amp; pays du Mont Blanc","article_modified_time":"2024-12-16T15:20:14+00:00","og_image":[{"width":1920,"height":1077,"url":"https:\/\/www.sylvieimmo.com\/wp-content\/uploads\/2024\/11\/bg-accueil-sylvie-immo-montagnes-1.jpg","type":"image\/jpeg"}],"twitter_card":"summary_large_image","twitter_misc":{"Dur\u00e9e de lecture estim\u00e9e":"1 minute"},"schema":{"@context":"https:\/\/schema.org","@graph":[{"@type":"WebPage","@id":"https:\/\/www.sylvieimmo.com\/fr\/actualites\/","url":"https:\/\/www.sylvieimmo.com\/fr\/actualites\/","name":"Sylvie Immo \u2013 actualit\u00e9s immobili\u00e8res au pays du Mont-Blanc","isPartOf":{"@id":"https:\/\/www.sylvieimmo.com\/fr\/#website"},"primaryImageOfPage":{"@id":"https:\/\/www.sylvieimmo.com\/fr\/actualites\/#primaryimage"},"image":{"@id":"https:\/\/www.sylvieimmo.com\/fr\/actualites\/#primaryimage"},"thumbnailUrl":"https:\/\/www.sylvieimmo.com\/wp-content\/uploads\/2024\/11\/bg-accueil-sylvie-immo-montagnes-1.jpg","datePublished":"2024-12-13T19:07:00+00:00","dateModified":"2024-12-16T15:20:14+00:00","description":"Actualit\u00e9 du march\u00e9 immobilier \u00e0 Chamonix, les Houches, Servoz et Passy. Suivez les derni\u00e8res nouvelles au pays du Mont-Blanc pour vos transations.","breadcrumb":{"@id":"https:\/\/www.sylvieimmo.com\/fr\/actualites\/#breadcrumb"},"inLanguage":"fr-FR","potentialAction":[{"@type":"ReadAction","target":["https:\/\/www.sylvieimmo.com\/fr\/actualites\/"]}]},{"@type":"ImageObject","inLanguage":"fr-FR","@id":"https:\/\/www.sylvieimmo.com\/fr\/actualites\/#primaryimage","url":"https:\/\/www.sylvieimmo.com\/wp-content\/uploads\/2024\/11\/bg-accueil-sylvie-immo-montagnes-1.jpg","contentUrl":"https:\/\/www.sylvieimmo.com\/wp-content\/uploads\/2024\/11\/bg-accueil-sylvie-immo-montagnes-1.jpg","width":1920,"height":1077},{"@type":"BreadcrumbList","@id":"https:\/\/www.sylvieimmo.com\/fr\/actualites\/#breadcrumb","itemListElement":[{"@type":"ListItem","position":1,"name":"Accueil","item":"https:\/\/www.sylvieimmo.com\/fr\/"},{"@type":"ListItem","position":2,"name":"Actualit\u00e9s"}]},{"@type":"WebSite","@id":"https:\/\/www.sylvieimmo.com\/fr\/#website","url":"https:\/\/www.sylvieimmo.com\/fr\/","name":"Sylvie Squinabol Immobilier - Vall\u00e9e de Chamonix & pays du Mont Blanc","description":"Votre agent ind\u00e9pendant au pays du Mont-Blanc","publisher":{"@id":"https:\/\/www.sylvieimmo.com\/fr\/#organization"},"potentialAction":[{"@type":"SearchAction","target":{"@type":"EntryPoint","urlTemplate":"https:\/\/www.sylvieimmo.com\/fr\/?s={search_term_string}"},"query-input":{"@type":"PropertyValueSpecification","valueRequired":true,"valueName":"search_term_string"}}],"inLanguage":"fr-FR"},{"@type":"Organization","@id":"https:\/\/www.sylvieimmo.com\/fr\/#organization","name":"Sylvie Squinabol Immobilier - Vall\u00e9e de Chamonix & pays du Mont Blanc","url":"https:\/\/www.sylvieimmo.com\/fr\/","logo":{"@type":"ImageObject","inLanguage":"fr-FR","@id":"https:\/\/www.sylvieimmo.com\/fr\/#\/schema\/logo\/image\/","url":"https:\/\/www.sylvieimmo.com\/wp-content\/uploads\/2024\/11\/logo-sylvie-immo-margintop.svg","contentUrl":"https:\/\/www.sylvieimmo.com\/wp-content\/uploads\/2024\/11\/logo-sylvie-immo-margintop.svg","width":1,"height":1,"caption":"Sylvie Squinabol Immobilier - Vall\u00e9e de Chamonix & pays du Mont Blanc"},"image":{"@id":"https:\/\/www.sylvieimmo.com\/fr\/#\/schema\/logo\/image\/"},"sameAs":["https:\/\/www.instagram.com\/sylvieimmo74400\/"]}]}},"_links":{"self":[{"href":"https:\/\/www.sylvieimmo.com\/fr\/wp-json\/wp\/v2\/pages\/2992","targetHints":{"allow":["GET"]}}],"collection":[{"href":"https:\/\/www.sylvieimmo.com\/fr\/wp-json\/wp\/v2\/pages"}],"about":[{"href":"https:\/\/www.sylvieimmo.com\/fr\/wp-json\/wp\/v2\/types\/page"}],"author":[{"embeddable":true,"href":"https:\/\/www.sylvieimmo.com\/fr\/wp-json\/wp\/v2\/users\/1"}],"replies":[{"embeddable":true,"href":"https:\/\/www.sylvieimmo.com\/fr\/wp-json\/wp\/v2\/comments?post=2992"}],"version-history":[{"count":4,"href":"https:\/\/www.sylvieimmo.com\/fr\/wp-json\/wp\/v2\/pages\/2992\/revisions"}],"predecessor-version":[{"id":2996,"href":"https:\/\/www.sylvieimmo.com\/fr\/wp-json\/wp\/v2\/pages\/2992\/revisions\/2996"}],"wp:featuredmedia":[{"embeddable":true,"href":"https:\/\/www.sylvieimmo.com\/fr\/wp-json\/wp\/v2\/media\/2701"}],"wp:attachment":[{"href":"https:\/\/www.sylvieimmo.com\/fr\/wp-json\/wp\/v2\/media?parent=2992"}],"curies":[{"name":"wp","href":"https:\/\/api.w.org\/{rel}","templated":true}]}}