{"id":3,"date":"2024-11-14T12:02:59","date_gmt":"2024-11-14T11:02:59","guid":{"rendered":"https:\/\/www.sylvieimmo.com\/?page_id=3"},"modified":"2024-12-16T18:02:00","modified_gmt":"2024-12-16T17:02:00","slug":"politique-de-confidentialite","status":"publish","type":"page","link":"https:\/\/www.sylvieimmo.com\/fr\/politique-de-confidentialite\/","title":{"rendered":"Politique de confidentialit\u00e9"},"content":{"rendered":"\t\t<div data-elementor-type=\"wp-page\" data-elementor-id=\"3\" class=\"elementor elementor-3\">\n\t\t\t\t<div class=\"elementor-element elementor-element-6e703dcf e-flex e-con-boxed e-con e-parent\" data-id=\"6e703dcf\" data-element_type=\"container\">\n\t\t\t\t\t<div class=\"e-con-inner\">\n\t\t\t\t<div class=\"elementor-element elementor-element-14ed3917 elementor-widget elementor-widget-text-editor\" data-id=\"14ed3917\" data-element_type=\"widget\" data-widget_type=\"text-editor.default\">\n\t\t\t\t<div class=\"elementor-widget-container\">\n\t\t\t\t\t\t\t<p>\u00a0<\/p>\n<p>Conform\u00e9ment aux dispositions l\u00e9gales, vous trouverez ci-dessous l\u2019int\u00e9gralit\u00e9 de la Politique de gestion des donn\u00e9es personnelles et d\u2019utilisation des cookies du site sylvieimmo.com<\/p>\n<h3><strong>ARTICLE 1 : PR\u00c9AMBULE<\/strong><\/h3>\n<p>La pr\u00e9sente politique de confidentialit\u00e9 a pour but d\u2019exposer aux utilisateurs du site la mani\u00e8re dont sont collect\u00e9es et trait\u00e9es leurs donn\u00e9es \u00e0 caract\u00e8re personnel. Doivent \u00eatre consid\u00e9r\u00e9es comme donn\u00e9es personnelles toutes les donn\u00e9es \u00e9tant susceptibles d\u2019identifier un utilisateur. Il s\u2019agit notamment du pr\u00e9nom et du nom, de l\u2019\u00e2ge, de l\u2019adresse postale, l\u2019adresse mail, la localisation de l\u2019utilisateur ou encore son adresse IP. Cette politique de confidentialit\u00e9 compl\u00e8te les Mentions l\u00e9gales que les utilisateurs peuvent consulter \u00e0 l\u2019adresse ci-apr\u00e8s : https:\/\/sylvieimmo.com\/mentions-legales.<\/p>\n<h3><strong>ARTICLE 2 : PRINCIPES G\u00c9N\u00c9RAUX EN MATI\u00c8RE DE COLLECTE ET DE TRAITEMENT DE DONN\u00c9ES<\/strong><\/h3>\n<p>La pr\u00e9sente Politique de confidentialit\u00e9 vise \u00e0 informer les utilisateurs des engagements du site sylvieimmo.com \u00e0 l\u2019\u00e9gard du respect de leur vie priv\u00e9e et \u00e0 la protection des donn\u00e9es personnelles les concernant, collect\u00e9es et trait\u00e9es \u00e0 l\u2019occasion de leur utilisation du pr\u00e9sent site. En utilisant le site sylvieimmo.com, les utilisateurs s\u2019engagent \u00e0 fournir des informations v\u00e9ritables les concernant. La communication de fausses informations est contraire aux Mentions l\u00e9gales figurant \u00e0 l\u2019adresse suivante : https:\/\/sylvieimmo.com\/mentions-legales. En tant qu\u2019utilisateur, vous pouvez \u00e0 n\u2019importe quel moment faire une demande aupr\u00e8s de la soci\u00e9t\u00e9 Sylvie Immo afin de savoir quelles informations vous concernant sont d\u00e9tenues par celle-ci, de vous opposer \u00e0 leur traitement, de les faire modifier ou supprimer, et ce, en contactant les g\u00e9rantes l\u00e9gales \u00e0 l\u2019adresse mail suivante : contact@sylvieimmo.com<\/p>\n<h3><strong>ARTICLE 3 : DONN\u00c9ES COLLECT\u00c9ES SUR LE SITE<\/strong><\/h3>\n<p>Les donn\u00e9es collect\u00e9es sur le site sylvieimmo.com sont celles que vous nous transmettez volontairement en remplissant le formulaire de contact pr\u00e9sent sur le site. Votre adresse IP (num\u00e9ro d\u2019identification attribu\u00e9 sur Internet \u00e0 votre ordinateur) est collect\u00e9e automatiquement. S\u2019agissant d\u2019un site vitrine, les coordonn\u00e9es li\u00e9es aux utilisateurs du pr\u00e9sent site ne sont pas sauvegard\u00e9es et ce dans le respect des dispositions de la loi \u00ab Informatique et libert\u00e9s \u00bb du 6 janvier 1978. Dans la m\u00eame logique aucune collecte de donn\u00e9es personnelles des utilisateurs n\u2019aura lieu except\u00e9 par le biais du formulaire de contact.<\/p>\n<h3><strong>ARTICLE 4 : FINALIT\u00c9 DES DONN\u00c9ES COLLECT\u00c9ES AUPR\u00c8S DES UTILISATEURS<\/strong><\/h3>\n<p>Les donn\u00e9es identifi\u00e9es comme \u00e9tant obligatoires sur le formulaire de contact du site de Sylvie Immo sont n\u00e9cessaires afin de pouvoir apporter un suivi des demandes. Le site sylvieimmo.com traite les donn\u00e9es de ses utilisateurs mais ne les stocke pas conform\u00e9ment au cadrage juridique de celui-ci.<\/p>\n<h3><strong>ARTICLE 5 : DESTINATAIRES DES DONN\u00c9ES COLLECT\u00c9ES<\/strong><\/h3>\n<p>Les donn\u00e9es collect\u00e9es par Sylvie Immo sont trait\u00e9es pour pouvoir apporter aux utilisateurs les r\u00e9ponses aux questions demand\u00e9es via le formulaire de contact du pr\u00e9sent site, sous r\u00e9serve de l\u2019acceptation volontaire de leur part. Aucune transmission \u00e0 un quelconque partenaire ou tiers des donn\u00e9es collect\u00e9es ne saurait proc\u00e9der de l\u2019utilisation du pr\u00e9sent site et de son formulaire de conform\u00e9ment \u00e0 la d\u00e9marche de confidentialit\u00e9 et de s\u00e9curit\u00e9 des donn\u00e9es trait\u00e9es par Sylvie Immo.<\/p>\n<h3><strong>ARTICLE 6 : S\u00c9CURIT\u00c9 DES DONN\u00c9ES<\/strong><\/h3>\n<p>Aucune donn\u00e9e collect\u00e9e par Sylvie Immo dans le cadre de son site vitrine sylvieimmo.com ne sera diffus\u00e9e \u00e0 des tiers mais pourra \u00eatre utilis\u00e9e, hors vente de fichier contacts, \u00e0 des fins marketing en interne. Les donn\u00e9es sont stock\u00e9es chez l\u2019h\u00e9bergeur du site, dont les coordonn\u00e9es figurent dans les Mentions l\u00e9gales du site, et sont conserv\u00e9es pour la dur\u00e9e strictement n\u00e9cessaire \u00e0 la r\u00e9alisation des finalit\u00e9s cit\u00e9es ci-dessus (temps de r\u00e9ponse aux mails envoy\u00e9s via le formulaire de contact ou campagne marketing en interne). Au-del\u00e0 de cette dur\u00e9e, elles seront conserv\u00e9es \u00e0 des fins exclusivement statistiques et ne donneront lieu \u00e0 aucune exploitation, de quelque nature que ce soit.<\/p>\n<h3><strong>ARTICLE 7 : UTILISATION ET GESTION DES COOKIES<\/strong><\/h3>\n<p>Le site sylvieimmo.com a \u00e9ventuellement recours aux techniques de \u00ab cookies \u00bb. Un \u00ab cookie \u00bb est un fichier de petite taille (moins de 4 ko), stock\u00e9 par le site sur le disque dur de l\u2019utilisateur, contenant des informations relatives aux habitudes de navigation de l\u2019utilisateur. Ces fichiers lui permettent de traiter des statistiques et des informations sur le trafic, de faciliter la navigation et d\u2019am\u00e9liorer le service pour le confort de l\u2019utilisateur. Pour l\u2019utilisation de fichiers \u00ab cookies \u00bb impliquant la sauvegarde et l\u2019analyse de donn\u00e9es \u00e0 caract\u00e8re personnel, le consentement de l\u2019utilisateur est n\u00e9cessairement demand\u00e9. Ce consentement de l\u2019utilisateur est consid\u00e9r\u00e9 comme valide pour une dur\u00e9e de 13 (treize) mois maximum. \u00c0 l\u2019issue de cette p\u00e9riode, le site demandera \u00e0 nouveau l\u2019autorisation de l\u2019utilisateur pour enregistrer des fichiers \u00ab cookies \u00bb sur son disque dur.<\/p>\n<h5><strong>A. OPPOSITION DE L\u2019UTILISATEUR \u00c0 L\u2019UTILISATION DE FICHIERS \u00ab\u00a0COOKIES\u00a0\u00bb PAR LE SITE<\/strong><\/h5>\n<p>Il est port\u00e9 \u00e0 la connaissance de l\u2019utilisateur qu\u2019il peut s\u2019opposer \u00e0 l\u2019enregistrement de ces fichiers \u00ab\u00a0cookies\u00a0\u00bb en configurant son logiciel de navigation. Pour information, l\u2019utilisateur peut trouver aux adresses suivantes les d\u00e9marches \u00e0 suivre afin de configurer son logiciel de navigation pour s\u2019opposer \u00e0 l\u2019enregistrement des fichiers \u00ab\u00a0cookies\u00a0\u00bb.<\/p>\n<p>Chrome : https:\/\/support.google.com\/accounts\/answer\/61416?hl=fr<br \/>Firefox : https:\/\/support.moziila.org\/fr\/kb\/enable-and-disable-cookies-website-preferences<br \/>Safari : http:\/\/www.apple.com\/legal\/privacy\/fr-ww\/<br \/>Internet Explorer : https:\/\/support.microsoft.com\/fr-fr\/help\/17442\/windows-internet-explorer-delete-manage-cookies<br \/>Opera : http:\/\/www.opera.com\/help\/tutorials\/security\/cookies\/<\/p>\n<p>Dans le cas o\u00f9 l\u2019utilisateur d\u00e9cide de d\u00e9sactiver les fichiers \u00ab\u00a0cookies\u00a0\u00bb, il pourra poursuivre sa navigation sur le site. Toutefois, tout dysfonctionnement du site provoqu\u00e9 par cette manipulation ne pourrait \u00eatre consid\u00e9r\u00e9 comme \u00e9tant du fait de l\u2019\u00e9diteur du site.<\/p>\n<p>De plus, le site sylvieimmo.com int\u00e8gre des boutons de r\u00e9seaux sociaux, permettant \u00e0 l\u2019utilisateur de partager son activit\u00e9 sur le site. Des fichiers \u00ab cookies \u00bb de ces r\u00e9seaux sociaux sont par cons\u00e9quent susceptibles d\u2019\u00eatre stock\u00e9s sur l\u2019ordinateur de l\u2019utilisateur lorsqu\u2019il utilise ces fonctionnalit\u00e9s. L\u2019attention de l\u2019utilisateur est port\u00e9e sur le fait que ces sites disposent de politiques de confidentialit\u00e9 propres et de conditions g\u00e9n\u00e9rales d\u2019utilisation possiblement diff\u00e9rentes du site. Les g\u00e9rantes l\u00e9gales du site invite les utilisateurs \u00e0 consulter les politiques de confidentialit\u00e9 et les conditions g\u00e9n\u00e9rales d\u2019utilisation de ces sites.<\/p>\n<h3><strong>ARTICLE 8 : CONDITIONS DE MODIFICATION DE LA PR\u00c9SENTE POLITIQUE DE CONFIDENTIALIT\u00c9<\/strong><\/h3>\n<p>Le site sylvieimmo.com se r\u00e9serve le droit de modifier \u00e0 tout moment la pr\u00e9sente Politique de confidentialit\u00e9 afin de garantir sa conformit\u00e9 avec le droit en vigueur. Par cons\u00e9quent, l\u2019utilisateur est invit\u00e9 \u00e0 venir consulter r\u00e9guli\u00e8rement cette politique de confidentialit\u00e9 afin de se tenir inform\u00e9 des derniers changements qui lui seront apport\u00e9s.<\/p>\n<h3><strong>ARTICLE 9 : ACCEPTATION PAR L\u2019UTILISATEUR DE LA PR\u00c9SENTE POLITIQUE DE CONFIDENTIALIT\u00c9<\/strong><\/h3>\n<p>En naviguant sur le site sylvieimmo.com, l\u2019utilisateur atteste avoir lu et compris la pr\u00e9sente Politique de confidentialit\u00e9 et en accepte les conditions, en ce qui concerne plus particuli\u00e8rement la collecte et le traitement de ses donn\u00e9es \u00e0 caract\u00e8re personnel, ainsi que l\u2019utilisation de fichiers \u00ab cookies \u00bb.<\/p>\t\t\t\t\t\t<\/div>\n\t\t\t\t<\/div>\n\t\t\t\t\t<\/div>\n\t\t\t\t<\/div>\n\t\t\t\t<\/div>\n\t\t","protected":false},"excerpt":{"rendered":"<p>\u00a0 Conform\u00e9ment aux dispositions l\u00e9gales, vous trouverez ci-dessous l\u2019int\u00e9gralit\u00e9 de la Politique de gestion des donn\u00e9es personnelles et d\u2019utilisation des cookies du site sylvieimmo.com ARTICLE 1 : PR\u00c9AMBULE La pr\u00e9sente politique de confidentialit\u00e9 a pour but d\u2019exposer aux utilisateurs du site la mani\u00e8re dont sont collect\u00e9es et trait\u00e9es leurs donn\u00e9es \u00e0 caract\u00e8re personnel. Doivent \u00eatre&#8230; <a href=\"https:\/\/www.sylvieimmo.com\/fr\/politique-de-confidentialite\/\" class=\"more-link\">Continue reading<\/a><\/p>\n","protected":false},"author":1,"featured_media":2701,"parent":0,"menu_order":0,"comment_status":"closed","ping_status":"open","template":"","meta":{"footnotes":""},"class_list":["post-3","page","type-page","status-publish","has-post-thumbnail","hentry"],"yoast_head":"<!-- This site is optimized with the Yoast SEO plugin v24.0 - https:\/\/yoast.com\/wordpress\/plugins\/seo\/ -->\n<title>Politique de confidentialit\u00e9 - Sylvie Squinabol Immobilier - Vall\u00e9e de Chamonix &amp; pays du Mont Blanc<\/title>\n<meta name=\"robots\" content=\"index, follow, max-snippet:-1, max-image-preview:large, max-video-preview:-1\" \/>\n<link rel=\"canonical\" href=\"https:\/\/www.sylvieimmo.com\/fr\/politique-de-confidentialite\/\" \/>\n<meta property=\"og:locale\" content=\"fr_FR\" \/>\n<meta property=\"og:type\" content=\"article\" \/>\n<meta property=\"og:title\" content=\"Politique de confidentialit\u00e9 - Sylvie Squinabol Immobilier - Vall\u00e9e de Chamonix &amp; pays du Mont Blanc\" \/>\n<meta property=\"og:description\" content=\"\u00a0 Conform\u00e9ment aux dispositions l\u00e9gales, vous trouverez ci-dessous l\u2019int\u00e9gralit\u00e9 de la Politique de gestion des donn\u00e9es personnelles et d\u2019utilisation des cookies du site sylvieimmo.com ARTICLE 1 : PR\u00c9AMBULE La pr\u00e9sente politique de confidentialit\u00e9 a pour but d\u2019exposer aux utilisateurs du site la mani\u00e8re dont sont collect\u00e9es et trait\u00e9es leurs donn\u00e9es \u00e0 caract\u00e8re personnel. Doivent \u00eatre... Continue reading\" \/>\n<meta property=\"og:url\" content=\"https:\/\/www.sylvieimmo.com\/fr\/politique-de-confidentialite\/\" \/>\n<meta property=\"og:site_name\" content=\"Sylvie Squinabol Immobilier - Vall\u00e9e de Chamonix &amp; pays du Mont Blanc\" \/>\n<meta property=\"article:modified_time\" content=\"2024-12-16T17:02:00+00:00\" \/>\n<meta property=\"og:image\" content=\"https:\/\/www.sylvieimmo.com\/wp-content\/uploads\/2024\/11\/bg-accueil-sylvie-immo-montagnes-1.jpg\" \/>\n\t<meta property=\"og:image:width\" content=\"1920\" \/>\n\t<meta property=\"og:image:height\" content=\"1077\" \/>\n\t<meta property=\"og:image:type\" content=\"image\/jpeg\" \/>\n<meta name=\"twitter:card\" content=\"summary_large_image\" \/>\n<meta name=\"twitter:label1\" content=\"Dur\u00e9e de lecture estim\u00e9e\" \/>\n\t<meta name=\"twitter:data1\" content=\"6 minutes\" \/>\n<script type=\"application\/ld+json\" class=\"yoast-schema-graph\">{\"@context\":\"https:\/\/schema.org\",\"@graph\":[{\"@type\":\"WebPage\",\"@id\":\"https:\/\/www.sylvieimmo.com\/fr\/politique-de-confidentialite\/\",\"url\":\"https:\/\/www.sylvieimmo.com\/fr\/politique-de-confidentialite\/\",\"name\":\"Politique de confidentialit\u00e9 - Sylvie Squinabol Immobilier - Vall\u00e9e de Chamonix &amp; pays du Mont Blanc\",\"isPartOf\":{\"@id\":\"https:\/\/www.sylvieimmo.com\/fr\/#website\"},\"primaryImageOfPage\":{\"@id\":\"https:\/\/www.sylvieimmo.com\/fr\/politique-de-confidentialite\/#primaryimage\"},\"image\":{\"@id\":\"https:\/\/www.sylvieimmo.com\/fr\/politique-de-confidentialite\/#primaryimage\"},\"thumbnailUrl\":\"https:\/\/www.sylvieimmo.com\/wp-content\/uploads\/2024\/11\/bg-accueil-sylvie-immo-montagnes-1.jpg\",\"datePublished\":\"2024-11-14T11:02:59+00:00\",\"dateModified\":\"2024-12-16T17:02:00+00:00\",\"breadcrumb\":{\"@id\":\"https:\/\/www.sylvieimmo.com\/fr\/politique-de-confidentialite\/#breadcrumb\"},\"inLanguage\":\"fr-FR\",\"potentialAction\":[{\"@type\":\"ReadAction\",\"target\":[\"https:\/\/www.sylvieimmo.com\/fr\/politique-de-confidentialite\/\"]}]},{\"@type\":\"ImageObject\",\"inLanguage\":\"fr-FR\",\"@id\":\"https:\/\/www.sylvieimmo.com\/fr\/politique-de-confidentialite\/#primaryimage\",\"url\":\"https:\/\/www.sylvieimmo.com\/wp-content\/uploads\/2024\/11\/bg-accueil-sylvie-immo-montagnes-1.jpg\",\"contentUrl\":\"https:\/\/www.sylvieimmo.com\/wp-content\/uploads\/2024\/11\/bg-accueil-sylvie-immo-montagnes-1.jpg\",\"width\":1920,\"height\":1077},{\"@type\":\"BreadcrumbList\",\"@id\":\"https:\/\/www.sylvieimmo.com\/fr\/politique-de-confidentialite\/#breadcrumb\",\"itemListElement\":[{\"@type\":\"ListItem\",\"position\":1,\"name\":\"Accueil\",\"item\":\"https:\/\/www.sylvieimmo.com\/fr\/\"},{\"@type\":\"ListItem\",\"position\":2,\"name\":\"Politique de confidentialit\u00e9\"}]},{\"@type\":\"WebSite\",\"@id\":\"https:\/\/www.sylvieimmo.com\/fr\/#website\",\"url\":\"https:\/\/www.sylvieimmo.com\/fr\/\",\"name\":\"Sylvie Squinabol Immobilier - Vall\u00e9e de Chamonix & pays du Mont Blanc\",\"description\":\"Votre agent ind\u00e9pendant au pays du Mont-Blanc\",\"publisher\":{\"@id\":\"https:\/\/www.sylvieimmo.com\/fr\/#organization\"},\"potentialAction\":[{\"@type\":\"SearchAction\",\"target\":{\"@type\":\"EntryPoint\",\"urlTemplate\":\"https:\/\/www.sylvieimmo.com\/fr\/?s={search_term_string}\"},\"query-input\":{\"@type\":\"PropertyValueSpecification\",\"valueRequired\":true,\"valueName\":\"search_term_string\"}}],\"inLanguage\":\"fr-FR\"},{\"@type\":\"Organization\",\"@id\":\"https:\/\/www.sylvieimmo.com\/fr\/#organization\",\"name\":\"Sylvie Squinabol Immobilier - Vall\u00e9e de Chamonix & pays du Mont Blanc\",\"url\":\"https:\/\/www.sylvieimmo.com\/fr\/\",\"logo\":{\"@type\":\"ImageObject\",\"inLanguage\":\"fr-FR\",\"@id\":\"https:\/\/www.sylvieimmo.com\/fr\/#\/schema\/logo\/image\/\",\"url\":\"https:\/\/www.sylvieimmo.com\/wp-content\/uploads\/2024\/11\/logo-sylvie-immo-margintop.svg\",\"contentUrl\":\"https:\/\/www.sylvieimmo.com\/wp-content\/uploads\/2024\/11\/logo-sylvie-immo-margintop.svg\",\"width\":1,\"height\":1,\"caption\":\"Sylvie Squinabol Immobilier - Vall\u00e9e de Chamonix & pays du Mont Blanc\"},\"image\":{\"@id\":\"https:\/\/www.sylvieimmo.com\/fr\/#\/schema\/logo\/image\/\"},\"sameAs\":[\"https:\/\/www.instagram.com\/sylvieimmo74400\/\"]}]}<\/script>\n<!-- \/ Yoast SEO plugin. -->","yoast_head_json":{"title":"Politique de confidentialit\u00e9 - Sylvie Squinabol Immobilier - Vall\u00e9e de Chamonix &amp; pays du Mont Blanc","robots":{"index":"index","follow":"follow","max-snippet":"max-snippet:-1","max-image-preview":"max-image-preview:large","max-video-preview":"max-video-preview:-1"},"canonical":"https:\/\/www.sylvieimmo.com\/fr\/politique-de-confidentialite\/","og_locale":"fr_FR","og_type":"article","og_title":"Politique de confidentialit\u00e9 - Sylvie Squinabol Immobilier - Vall\u00e9e de Chamonix &amp; pays du Mont Blanc","og_description":"\u00a0 Conform\u00e9ment aux dispositions l\u00e9gales, vous trouverez ci-dessous l\u2019int\u00e9gralit\u00e9 de la Politique de gestion des donn\u00e9es personnelles et d\u2019utilisation des cookies du site sylvieimmo.com ARTICLE 1 : PR\u00c9AMBULE La pr\u00e9sente politique de confidentialit\u00e9 a pour but d\u2019exposer aux utilisateurs du site la mani\u00e8re dont sont collect\u00e9es et trait\u00e9es leurs donn\u00e9es \u00e0 caract\u00e8re personnel. Doivent \u00eatre... Continue reading","og_url":"https:\/\/www.sylvieimmo.com\/fr\/politique-de-confidentialite\/","og_site_name":"Sylvie Squinabol Immobilier - Vall\u00e9e de Chamonix &amp; pays du Mont Blanc","article_modified_time":"2024-12-16T17:02:00+00:00","og_image":[{"width":1920,"height":1077,"url":"https:\/\/www.sylvieimmo.com\/wp-content\/uploads\/2024\/11\/bg-accueil-sylvie-immo-montagnes-1.jpg","type":"image\/jpeg"}],"twitter_card":"summary_large_image","twitter_misc":{"Dur\u00e9e de lecture estim\u00e9e":"6 minutes"},"schema":{"@context":"https:\/\/schema.org","@graph":[{"@type":"WebPage","@id":"https:\/\/www.sylvieimmo.com\/fr\/politique-de-confidentialite\/","url":"https:\/\/www.sylvieimmo.com\/fr\/politique-de-confidentialite\/","name":"Politique de confidentialit\u00e9 - Sylvie Squinabol Immobilier - Vall\u00e9e de Chamonix &amp; pays du Mont Blanc","isPartOf":{"@id":"https:\/\/www.sylvieimmo.com\/fr\/#website"},"primaryImageOfPage":{"@id":"https:\/\/www.sylvieimmo.com\/fr\/politique-de-confidentialite\/#primaryimage"},"image":{"@id":"https:\/\/www.sylvieimmo.com\/fr\/politique-de-confidentialite\/#primaryimage"},"thumbnailUrl":"https:\/\/www.sylvieimmo.com\/wp-content\/uploads\/2024\/11\/bg-accueil-sylvie-immo-montagnes-1.jpg","datePublished":"2024-11-14T11:02:59+00:00","dateModified":"2024-12-16T17:02:00+00:00","breadcrumb":{"@id":"https:\/\/www.sylvieimmo.com\/fr\/politique-de-confidentialite\/#breadcrumb"},"inLanguage":"fr-FR","potentialAction":[{"@type":"ReadAction","target":["https:\/\/www.sylvieimmo.com\/fr\/politique-de-confidentialite\/"]}]},{"@type":"ImageObject","inLanguage":"fr-FR","@id":"https:\/\/www.sylvieimmo.com\/fr\/politique-de-confidentialite\/#primaryimage","url":"https:\/\/www.sylvieimmo.com\/wp-content\/uploads\/2024\/11\/bg-accueil-sylvie-immo-montagnes-1.jpg","contentUrl":"https:\/\/www.sylvieimmo.com\/wp-content\/uploads\/2024\/11\/bg-accueil-sylvie-immo-montagnes-1.jpg","width":1920,"height":1077},{"@type":"BreadcrumbList","@id":"https:\/\/www.sylvieimmo.com\/fr\/politique-de-confidentialite\/#breadcrumb","itemListElement":[{"@type":"ListItem","position":1,"name":"Accueil","item":"https:\/\/www.sylvieimmo.com\/fr\/"},{"@type":"ListItem","position":2,"name":"Politique de confidentialit\u00e9"}]},{"@type":"WebSite","@id":"https:\/\/www.sylvieimmo.com\/fr\/#website","url":"https:\/\/www.sylvieimmo.com\/fr\/","name":"Sylvie Squinabol Immobilier - Vall\u00e9e de Chamonix & pays du Mont Blanc","description":"Votre agent ind\u00e9pendant au pays du Mont-Blanc","publisher":{"@id":"https:\/\/www.sylvieimmo.com\/fr\/#organization"},"potentialAction":[{"@type":"SearchAction","target":{"@type":"EntryPoint","urlTemplate":"https:\/\/www.sylvieimmo.com\/fr\/?s={search_term_string}"},"query-input":{"@type":"PropertyValueSpecification","valueRequired":true,"valueName":"search_term_string"}}],"inLanguage":"fr-FR"},{"@type":"Organization","@id":"https:\/\/www.sylvieimmo.com\/fr\/#organization","name":"Sylvie Squinabol Immobilier - Vall\u00e9e de Chamonix & pays du Mont Blanc","url":"https:\/\/www.sylvieimmo.com\/fr\/","logo":{"@type":"ImageObject","inLanguage":"fr-FR","@id":"https:\/\/www.sylvieimmo.com\/fr\/#\/schema\/logo\/image\/","url":"https:\/\/www.sylvieimmo.com\/wp-content\/uploads\/2024\/11\/logo-sylvie-immo-margintop.svg","contentUrl":"https:\/\/www.sylvieimmo.com\/wp-content\/uploads\/2024\/11\/logo-sylvie-immo-margintop.svg","width":1,"height":1,"caption":"Sylvie Squinabol Immobilier - Vall\u00e9e de Chamonix & pays du Mont Blanc"},"image":{"@id":"https:\/\/www.sylvieimmo.com\/fr\/#\/schema\/logo\/image\/"},"sameAs":["https:\/\/www.instagram.com\/sylvieimmo74400\/"]}]}},"_links":{"self":[{"href":"https:\/\/www.sylvieimmo.com\/fr\/wp-json\/wp\/v2\/pages\/3","targetHints":{"allow":["GET"]}}],"collection":[{"href":"https:\/\/www.sylvieimmo.com\/fr\/wp-json\/wp\/v2\/pages"}],"about":[{"href":"https:\/\/www.sylvieimmo.com\/fr\/wp-json\/wp\/v2\/types\/page"}],"author":[{"embeddable":true,"href":"https:\/\/www.sylvieimmo.com\/fr\/wp-json\/wp\/v2\/users\/1"}],"replies":[{"embeddable":true,"href":"https:\/\/www.sylvieimmo.com\/fr\/wp-json\/wp\/v2\/comments?post=3"}],"version-history":[{"count":6,"href":"https:\/\/www.sylvieimmo.com\/fr\/wp-json\/wp\/v2\/pages\/3\/revisions"}],"predecessor-version":[{"id":3008,"href":"https:\/\/www.sylvieimmo.com\/fr\/wp-json\/wp\/v2\/pages\/3\/revisions\/3008"}],"wp:featuredmedia":[{"embeddable":true,"href":"https:\/\/www.sylvieimmo.com\/fr\/wp-json\/wp\/v2\/media\/2701"}],"wp:attachment":[{"href":"https:\/\/www.sylvieimmo.com\/fr\/wp-json\/wp\/v2\/media?parent=3"}],"curies":[{"name":"wp","href":"https:\/\/api.w.org\/{rel}","templated":true}]}}