{"id":3009,"date":"2024-12-16T18:03:27","date_gmt":"2024-12-16T17:03:27","guid":{"rendered":"https:\/\/www.sylvieimmo.com\/?page_id=3009"},"modified":"2025-01-07T11:06:35","modified_gmt":"2025-01-07T10:06:35","slug":"mentions-legales","status":"publish","type":"page","link":"https:\/\/www.sylvieimmo.com\/fr\/mentions-legales\/","title":{"rendered":"Mentions L\u00e9gales"},"content":{"rendered":"\t\t<div data-elementor-type=\"wp-page\" data-elementor-id=\"3009\" class=\"elementor elementor-3009\">\n\t\t\t\t<div class=\"elementor-element elementor-element-6e703dcf e-flex e-con-boxed e-con e-parent\" data-id=\"6e703dcf\" data-element_type=\"container\">\n\t\t\t\t\t<div class=\"e-con-inner\">\n\t\t\t\t<div class=\"elementor-element elementor-element-14ed3917 elementor-widget elementor-widget-text-editor\" data-id=\"14ed3917\" data-element_type=\"widget\" data-widget_type=\"text-editor.default\">\n\t\t\t\t<div class=\"elementor-widget-container\">\n\t\t\t\t\t\t\t<blockquote><h3><strong>Honoraires :<br \/><\/strong>Au 01\/01\/2025<\/h3><h4>Au regard de l\u2019application de la loi ALUR ( arr\u00eat\u00e9 minist\u00e9riel du 10\/03\/2017) vous trouverez ci-dessous les honoraires pour nos activit\u00e9s immobili\u00e8res :<br \/>Prestation propos\u00e9e (mandat de vente) :<br \/>Tous types de biens immobiliers : Honoraires \u00e0 la charge du vendeur, sauf convention contraire expresse<\/h4><\/blockquote><div>&#8211; De 0 \u00e0 150 000 \u20ac \u2192 5%<br \/>&#8211; De 151 000 \u20ac \u00e0 600 000 \u20ac \u2192 4%<\/div><div>&#8211; Au del\u00e0 de 600 000 \u20ac \u2192 3%<\/div><div>\u00a0<\/div><div>Ces taux s\u2019entendent TVA comprise au taux des 20 %.<\/div><div>Les honoraires sont \u00e0 la charge du vendeur.<\/div><div>Ils comprennent les actions de marketing, \u00a0les prestations de visite de n\u00e9gociation et constitution du dossier de vente.<\/div><div>\u00a0<\/div><p><strong>M\u00e9diation :<\/strong><\/p><p>Adh\u00e9rent au SNPI, que vous soyez agent immobilier, gestionnaire, syndic de copropri\u00e9t\u00e9, expert immobilier ou agent commercial, vous b\u00e9n\u00e9ficiez des services de m\u00e9diation Medimmoconso pour tous vos litiges de la consommation. Nous vous rappelons qu&#8217;en qualit\u00e9 de professionnel, vous \u00eates dans l&#8217;obligation de d\u00e9signer un m\u00e9diateur de la consommation.<br \/>Adresse : 1 All\u00e9e du Parc de Mesemena &#8211; B\u00e2t A &#8211; CS<br \/>25222 &#8211; 44505 LA BAULE CEDEX<\/p><p><a href=\"https:\/\/recevabilite-mediations.medimmoconso.fr\/\" target=\"_blank\" rel=\"noopener\">https:\/\/recevabilite-mediations.medimmoconso.fr\/<\/a><\/p><hr \/><p>En vous connectant \u00e0 ce site, vous acc\u00e9dez \u00e0 un contenu prot\u00e9g\u00e9 par la loi, notamment par les dispositions du Code de la propri\u00e9t\u00e9 intellectuelle. L\u2019\u00e9diteur n\u2019autorise qu\u2019un usage strictement personnel des donn\u00e9es, informations ou contenus auxquels vous acc\u00e9dez. L\u2019utilisation ou la reproduction des images, photographies ou illustrations de ce site est strictement interdite sans l\u2019accord de leurs auteurs. Toutes infractions sera passible de poursuites judiciaires.<br \/>En poursuivant votre visite de notre site vous acceptez de respecter les restrictions ci-dessus.<\/p><h4><strong>Le site a \u00e9t\u00e9 r\u00e9alis\u00e9 par Hyperion Studio \u2013 Agence de communication<\/strong><\/h4><p>Si\u00e8ge social : 119 clos des Perce Neige \u2013 74700 Sallanches<\/p><p>N\u00b0 d\u2019identification: 912146354 RCS ANNECY \u2013 SARL Hyperion Studio au capital de 1000\u20ac<br \/>N\u00b0 de TVA intracommunautaire : FR10912146354<\/p><p>E-mail :\u00a0<a href=\"mailto:contact@hyperion-studio.fr\">contact@hyperion-studio.fr<\/a><\/p><p>Pour le compte de la soci\u00e9t\u00e9 <strong>Sylvie Squinabol Immobilier<\/strong>.<br \/>Carte professionnelle d\u00e9livr\u00e9e par<br \/>la CCI de Haute-Savoie : CPI 7401 2024 000 000 023<br \/>Siret 978 451 524 000 26-APE 6831Z<\/p><p>Repr\u00e9sentant l\u00e9gal, responsable de la publication : Sylvie Squinabol<\/p><p>L\u2019acc\u00e8s et l\u2019utilisation de ce site sont fournis par Sylvie Squinabol et sont soumis aux conditions d\u2019utilisation ci-dessous.<\/p><h3 id=\"h-propri-t-intellectuelle\"><strong><br \/>Propri\u00e9t\u00e9 intellectuelle<\/strong><\/h3><p>Le pr\u00e9sent site Internet et l\u2019ensemble de son contenu, y compris textes, images fixes ou anim\u00e9es, base de donn\u00e9es, programmes, etc., sont prot\u00e9g\u00e9s par le droit d\u2019auteur.<\/p><h3 id=\"h-liens-vers-d-autres-sites\"><strong><br \/>Liens vers d\u2019autres sites<\/strong><\/h3><p>A partir de ce site, vous pouvez \u00e9ventuellement acc\u00e9der \u00e0 des sites tiers par l\u2019interm\u00e9diaire de liens hypertextes. Ces sites tiers ne sont pas sous notre contr\u00f4le et nous ne sommes pas responsables de la disponibilit\u00e9 de ces sites et de leur contenu. La mise \u00e0 votre disposition de liens est faite pour votre information et n\u2019implique aucune responsabilit\u00e9 de la part de Sylvie Squinabol. Nous ne pouvons \u00eatre tenus responsables de pertes ou de dommages qui pourraient r\u00e9sulter de l\u2019utilisation de ces sites tiers ou de contrats r\u00e9sultant de l\u2019utilisation de ces sites tiers. Vos transactions avec tout fournisseur tiers sont uniquement entre vous et le fournisseur tiers et sont soumises aux conditions applicables \u00e0 ces transactions. Informatique et Libert\u00e9s Les informations susceptibles d\u2019\u00eatre collect\u00e9es sur le pr\u00e9sent site sont exclusivement destin\u00e9es au traitement de vos demandes. Vous disposez d\u2019un droit d\u2019acc\u00e8s, de rectification et de suppression des donn\u00e9es qui vous concernent (loi N\u00b078-17 du 6 janvier 1978, Informatique et Libert\u00e9s).<\/p><p><strong><br \/>Exploitation des informations<\/strong><\/p><p>Malgr\u00e9 le soin apport\u00e9 au traitement des informations, Sylvie Squinabol d\u00e9cline toute responsabilit\u00e9 concernant les erreurs ou omissions portant sur les informations diffus\u00e9es sur ce site. Sylvie Squinabol ne peut \u00eatre tenue responsable de l\u2019interpr\u00e9tation des informations contenues dans ce site, ni des cons\u00e9quences de leur utilisation. Aucune garantie n\u2019est donn\u00e9e que ce site sera disponible sans interruption et aucune responsabilit\u00e9 ne peut \u00eatre accept\u00e9e concernant des pertes ou dommages r\u00e9sultant d\u2019une indisponibilit\u00e9 du site.<\/p><h3 id=\"h-h-bergement\"><strong><br \/>H\u00e9bergement<\/strong><\/h3><p>Le Site est h\u00e9berg\u00e9 par la soci\u00e9t\u00e9 : OVH<\/p><p>Adresse\u00a0: 2, rue Kellermann BP 80157 59053 ROUBAIX Cedex 1<br \/>Email:\u00a0<a href=\"mailto:support@ovh.com\" data-slimstat=\"5\">support@ovh.com<\/a><br \/>T\u00e9l. : +33 (0)8 203 203 63<br \/>Num\u00e9ro d\u2019immatriculation au Registre du Commerce et des Soci\u00e9t\u00e9s de Lille : B 424 761 419<\/p>\t\t\t\t\t\t<\/div>\n\t\t\t\t<\/div>\n\t\t\t\t\t<\/div>\n\t\t\t\t<\/div>\n\t\t\t\t<\/div>\n\t\t","protected":false},"excerpt":{"rendered":"<p>Honoraires :Au 01\/01\/2025 Au regard de l\u2019application de la loi ALUR ( arr\u00eat\u00e9 minist\u00e9riel du 10\/03\/2017) vous trouverez ci-dessous les honoraires pour nos activit\u00e9s immobili\u00e8res :Prestation propos\u00e9e (mandat de vente) :Tous types de biens immobiliers : Honoraires \u00e0 la charge du vendeur, sauf convention contraire expresse &#8211; De 0 \u00e0 150 000 \u20ac \u2192 5%&#8211;&#8230; <a href=\"https:\/\/www.sylvieimmo.com\/fr\/mentions-legales\/\" class=\"more-link\">Continue reading<\/a><\/p>\n","protected":false},"author":1,"featured_media":2701,"parent":0,"menu_order":0,"comment_status":"closed","ping_status":"open","template":"","meta":{"footnotes":""},"class_list":["post-3009","page","type-page","status-publish","has-post-thumbnail","hentry"],"yoast_head":"<!-- This site is optimized with the Yoast SEO plugin v24.0 - https:\/\/yoast.com\/wordpress\/plugins\/seo\/ -->\n<title>Mentions L\u00e9gales - Sylvie Squinabol Immobilier - Vall\u00e9e de Chamonix &amp; pays du Mont Blanc<\/title>\n<meta name=\"robots\" content=\"index, follow, max-snippet:-1, max-image-preview:large, max-video-preview:-1\" \/>\n<link rel=\"canonical\" href=\"https:\/\/www.sylvieimmo.com\/fr\/mentions-legales\/\" \/>\n<meta property=\"og:locale\" content=\"fr_FR\" \/>\n<meta property=\"og:type\" content=\"article\" \/>\n<meta property=\"og:title\" content=\"Mentions L\u00e9gales - Sylvie Squinabol Immobilier - Vall\u00e9e de Chamonix &amp; pays du Mont Blanc\" \/>\n<meta property=\"og:description\" content=\"Honoraires :Au 01\/01\/2025 Au regard de l\u2019application de la loi ALUR ( arr\u00eat\u00e9 minist\u00e9riel du 10\/03\/2017) vous trouverez ci-dessous les honoraires pour nos activit\u00e9s immobili\u00e8res :Prestation propos\u00e9e (mandat de vente) :Tous types de biens immobiliers : Honoraires \u00e0 la charge du vendeur, sauf convention contraire expresse &#8211; De 0 \u00e0 150 000 \u20ac \u2192 5%&#8211;... Continue reading\" \/>\n<meta property=\"og:url\" content=\"https:\/\/www.sylvieimmo.com\/fr\/mentions-legales\/\" \/>\n<meta property=\"og:site_name\" content=\"Sylvie Squinabol Immobilier - Vall\u00e9e de Chamonix &amp; pays du Mont Blanc\" \/>\n<meta property=\"article:modified_time\" content=\"2025-01-07T10:06:35+00:00\" \/>\n<meta property=\"og:image\" content=\"https:\/\/www.sylvieimmo.com\/wp-content\/uploads\/2024\/11\/bg-accueil-sylvie-immo-montagnes-1.jpg\" \/>\n\t<meta property=\"og:image:width\" content=\"1920\" \/>\n\t<meta property=\"og:image:height\" content=\"1077\" \/>\n\t<meta property=\"og:image:type\" content=\"image\/jpeg\" \/>\n<meta name=\"twitter:card\" content=\"summary_large_image\" \/>\n<meta name=\"twitter:label1\" content=\"Dur\u00e9e de lecture estim\u00e9e\" \/>\n\t<meta name=\"twitter:data1\" content=\"4 minutes\" \/>\n<script type=\"application\/ld+json\" class=\"yoast-schema-graph\">{\"@context\":\"https:\/\/schema.org\",\"@graph\":[{\"@type\":\"WebPage\",\"@id\":\"https:\/\/www.sylvieimmo.com\/fr\/mentions-legales\/\",\"url\":\"https:\/\/www.sylvieimmo.com\/fr\/mentions-legales\/\",\"name\":\"Mentions L\u00e9gales - Sylvie Squinabol Immobilier - Vall\u00e9e de Chamonix &amp; pays du Mont Blanc\",\"isPartOf\":{\"@id\":\"https:\/\/www.sylvieimmo.com\/fr\/#website\"},\"primaryImageOfPage\":{\"@id\":\"https:\/\/www.sylvieimmo.com\/fr\/mentions-legales\/#primaryimage\"},\"image\":{\"@id\":\"https:\/\/www.sylvieimmo.com\/fr\/mentions-legales\/#primaryimage\"},\"thumbnailUrl\":\"https:\/\/www.sylvieimmo.com\/wp-content\/uploads\/2024\/11\/bg-accueil-sylvie-immo-montagnes-1.jpg\",\"datePublished\":\"2024-12-16T17:03:27+00:00\",\"dateModified\":\"2025-01-07T10:06:35+00:00\",\"breadcrumb\":{\"@id\":\"https:\/\/www.sylvieimmo.com\/fr\/mentions-legales\/#breadcrumb\"},\"inLanguage\":\"fr-FR\",\"potentialAction\":[{\"@type\":\"ReadAction\",\"target\":[\"https:\/\/www.sylvieimmo.com\/fr\/mentions-legales\/\"]}]},{\"@type\":\"ImageObject\",\"inLanguage\":\"fr-FR\",\"@id\":\"https:\/\/www.sylvieimmo.com\/fr\/mentions-legales\/#primaryimage\",\"url\":\"https:\/\/www.sylvieimmo.com\/wp-content\/uploads\/2024\/11\/bg-accueil-sylvie-immo-montagnes-1.jpg\",\"contentUrl\":\"https:\/\/www.sylvieimmo.com\/wp-content\/uploads\/2024\/11\/bg-accueil-sylvie-immo-montagnes-1.jpg\",\"width\":1920,\"height\":1077},{\"@type\":\"BreadcrumbList\",\"@id\":\"https:\/\/www.sylvieimmo.com\/fr\/mentions-legales\/#breadcrumb\",\"itemListElement\":[{\"@type\":\"ListItem\",\"position\":1,\"name\":\"Accueil\",\"item\":\"https:\/\/www.sylvieimmo.com\/fr\/\"},{\"@type\":\"ListItem\",\"position\":2,\"name\":\"Mentions L\u00e9gales\"}]},{\"@type\":\"WebSite\",\"@id\":\"https:\/\/www.sylvieimmo.com\/fr\/#website\",\"url\":\"https:\/\/www.sylvieimmo.com\/fr\/\",\"name\":\"Sylvie Squinabol Immobilier - Vall\u00e9e de Chamonix & pays du Mont Blanc\",\"description\":\"Votre agent ind\u00e9pendant au pays du Mont-Blanc\",\"publisher\":{\"@id\":\"https:\/\/www.sylvieimmo.com\/fr\/#organization\"},\"potentialAction\":[{\"@type\":\"SearchAction\",\"target\":{\"@type\":\"EntryPoint\",\"urlTemplate\":\"https:\/\/www.sylvieimmo.com\/fr\/?s={search_term_string}\"},\"query-input\":{\"@type\":\"PropertyValueSpecification\",\"valueRequired\":true,\"valueName\":\"search_term_string\"}}],\"inLanguage\":\"fr-FR\"},{\"@type\":\"Organization\",\"@id\":\"https:\/\/www.sylvieimmo.com\/fr\/#organization\",\"name\":\"Sylvie Squinabol Immobilier - Vall\u00e9e de Chamonix & pays du Mont Blanc\",\"url\":\"https:\/\/www.sylvieimmo.com\/fr\/\",\"logo\":{\"@type\":\"ImageObject\",\"inLanguage\":\"fr-FR\",\"@id\":\"https:\/\/www.sylvieimmo.com\/fr\/#\/schema\/logo\/image\/\",\"url\":\"https:\/\/www.sylvieimmo.com\/wp-content\/uploads\/2024\/11\/logo-sylvie-immo-margintop.svg\",\"contentUrl\":\"https:\/\/www.sylvieimmo.com\/wp-content\/uploads\/2024\/11\/logo-sylvie-immo-margintop.svg\",\"width\":1,\"height\":1,\"caption\":\"Sylvie Squinabol Immobilier - Vall\u00e9e de Chamonix & pays du Mont Blanc\"},\"image\":{\"@id\":\"https:\/\/www.sylvieimmo.com\/fr\/#\/schema\/logo\/image\/\"},\"sameAs\":[\"https:\/\/www.instagram.com\/sylvieimmo74400\/\"]}]}<\/script>\n<!-- \/ Yoast SEO plugin. -->","yoast_head_json":{"title":"Mentions L\u00e9gales - Sylvie Squinabol Immobilier - Vall\u00e9e de Chamonix &amp; pays du Mont Blanc","robots":{"index":"index","follow":"follow","max-snippet":"max-snippet:-1","max-image-preview":"max-image-preview:large","max-video-preview":"max-video-preview:-1"},"canonical":"https:\/\/www.sylvieimmo.com\/fr\/mentions-legales\/","og_locale":"fr_FR","og_type":"article","og_title":"Mentions L\u00e9gales - Sylvie Squinabol Immobilier - Vall\u00e9e de Chamonix &amp; pays du Mont Blanc","og_description":"Honoraires :Au 01\/01\/2025 Au regard de l\u2019application de la loi ALUR ( arr\u00eat\u00e9 minist\u00e9riel du 10\/03\/2017) vous trouverez ci-dessous les honoraires pour nos activit\u00e9s immobili\u00e8res :Prestation propos\u00e9e (mandat de vente) :Tous types de biens immobiliers : Honoraires \u00e0 la charge du vendeur, sauf convention contraire expresse &#8211; De 0 \u00e0 150 000 \u20ac \u2192 5%&#8211;... Continue reading","og_url":"https:\/\/www.sylvieimmo.com\/fr\/mentions-legales\/","og_site_name":"Sylvie Squinabol Immobilier - Vall\u00e9e de Chamonix &amp; pays du Mont Blanc","article_modified_time":"2025-01-07T10:06:35+00:00","og_image":[{"width":1920,"height":1077,"url":"https:\/\/www.sylvieimmo.com\/wp-content\/uploads\/2024\/11\/bg-accueil-sylvie-immo-montagnes-1.jpg","type":"image\/jpeg"}],"twitter_card":"summary_large_image","twitter_misc":{"Dur\u00e9e de lecture estim\u00e9e":"4 minutes"},"schema":{"@context":"https:\/\/schema.org","@graph":[{"@type":"WebPage","@id":"https:\/\/www.sylvieimmo.com\/fr\/mentions-legales\/","url":"https:\/\/www.sylvieimmo.com\/fr\/mentions-legales\/","name":"Mentions L\u00e9gales - Sylvie Squinabol Immobilier - Vall\u00e9e de Chamonix &amp; pays du Mont Blanc","isPartOf":{"@id":"https:\/\/www.sylvieimmo.com\/fr\/#website"},"primaryImageOfPage":{"@id":"https:\/\/www.sylvieimmo.com\/fr\/mentions-legales\/#primaryimage"},"image":{"@id":"https:\/\/www.sylvieimmo.com\/fr\/mentions-legales\/#primaryimage"},"thumbnailUrl":"https:\/\/www.sylvieimmo.com\/wp-content\/uploads\/2024\/11\/bg-accueil-sylvie-immo-montagnes-1.jpg","datePublished":"2024-12-16T17:03:27+00:00","dateModified":"2025-01-07T10:06:35+00:00","breadcrumb":{"@id":"https:\/\/www.sylvieimmo.com\/fr\/mentions-legales\/#breadcrumb"},"inLanguage":"fr-FR","potentialAction":[{"@type":"ReadAction","target":["https:\/\/www.sylvieimmo.com\/fr\/mentions-legales\/"]}]},{"@type":"ImageObject","inLanguage":"fr-FR","@id":"https:\/\/www.sylvieimmo.com\/fr\/mentions-legales\/#primaryimage","url":"https:\/\/www.sylvieimmo.com\/wp-content\/uploads\/2024\/11\/bg-accueil-sylvie-immo-montagnes-1.jpg","contentUrl":"https:\/\/www.sylvieimmo.com\/wp-content\/uploads\/2024\/11\/bg-accueil-sylvie-immo-montagnes-1.jpg","width":1920,"height":1077},{"@type":"BreadcrumbList","@id":"https:\/\/www.sylvieimmo.com\/fr\/mentions-legales\/#breadcrumb","itemListElement":[{"@type":"ListItem","position":1,"name":"Accueil","item":"https:\/\/www.sylvieimmo.com\/fr\/"},{"@type":"ListItem","position":2,"name":"Mentions L\u00e9gales"}]},{"@type":"WebSite","@id":"https:\/\/www.sylvieimmo.com\/fr\/#website","url":"https:\/\/www.sylvieimmo.com\/fr\/","name":"Sylvie Squinabol Immobilier - Vall\u00e9e de Chamonix & pays du Mont Blanc","description":"Votre agent ind\u00e9pendant au pays du Mont-Blanc","publisher":{"@id":"https:\/\/www.sylvieimmo.com\/fr\/#organization"},"potentialAction":[{"@type":"SearchAction","target":{"@type":"EntryPoint","urlTemplate":"https:\/\/www.sylvieimmo.com\/fr\/?s={search_term_string}"},"query-input":{"@type":"PropertyValueSpecification","valueRequired":true,"valueName":"search_term_string"}}],"inLanguage":"fr-FR"},{"@type":"Organization","@id":"https:\/\/www.sylvieimmo.com\/fr\/#organization","name":"Sylvie Squinabol Immobilier - Vall\u00e9e de Chamonix & pays du Mont Blanc","url":"https:\/\/www.sylvieimmo.com\/fr\/","logo":{"@type":"ImageObject","inLanguage":"fr-FR","@id":"https:\/\/www.sylvieimmo.com\/fr\/#\/schema\/logo\/image\/","url":"https:\/\/www.sylvieimmo.com\/wp-content\/uploads\/2024\/11\/logo-sylvie-immo-margintop.svg","contentUrl":"https:\/\/www.sylvieimmo.com\/wp-content\/uploads\/2024\/11\/logo-sylvie-immo-margintop.svg","width":1,"height":1,"caption":"Sylvie Squinabol Immobilier - Vall\u00e9e de Chamonix & pays du Mont Blanc"},"image":{"@id":"https:\/\/www.sylvieimmo.com\/fr\/#\/schema\/logo\/image\/"},"sameAs":["https:\/\/www.instagram.com\/sylvieimmo74400\/"]}]}},"_links":{"self":[{"href":"https:\/\/www.sylvieimmo.com\/fr\/wp-json\/wp\/v2\/pages\/3009","targetHints":{"allow":["GET"]}}],"collection":[{"href":"https:\/\/www.sylvieimmo.com\/fr\/wp-json\/wp\/v2\/pages"}],"about":[{"href":"https:\/\/www.sylvieimmo.com\/fr\/wp-json\/wp\/v2\/types\/page"}],"author":[{"embeddable":true,"href":"https:\/\/www.sylvieimmo.com\/fr\/wp-json\/wp\/v2\/users\/1"}],"replies":[{"embeddable":true,"href":"https:\/\/www.sylvieimmo.com\/fr\/wp-json\/wp\/v2\/comments?post=3009"}],"version-history":[{"count":25,"href":"https:\/\/www.sylvieimmo.com\/fr\/wp-json\/wp\/v2\/pages\/3009\/revisions"}],"predecessor-version":[{"id":3441,"href":"https:\/\/www.sylvieimmo.com\/fr\/wp-json\/wp\/v2\/pages\/3009\/revisions\/3441"}],"wp:featuredmedia":[{"embeddable":true,"href":"https:\/\/www.sylvieimmo.com\/fr\/wp-json\/wp\/v2\/media\/2701"}],"wp:attachment":[{"href":"https:\/\/www.sylvieimmo.com\/fr\/wp-json\/wp\/v2\/media?parent=3009"}],"curies":[{"name":"wp","href":"https:\/\/api.w.org\/{rel}","templated":true}]}}